{"id":945,"date":"2022-12-13T19:11:00","date_gmt":"2022-12-13T19:11:00","guid":{"rendered":"https:\/\/mueller.sereni-de.baldwin.be\/?page_id=945"},"modified":"2023-06-30T16:28:17","modified_gmt":"2023-06-30T16:28:17","slug":"ihr-letzter-wille","status":"publish","type":"page","link":"https:\/\/mueller.sereni-de.baldwin.be\/de\/ihr-letzter-wille\/","title":{"rendered":"Ihr letzter Wille"},"content":{"rendered":"\n<div id=\"block-main-banner-block_6398cd84e8786\" class=\"block-main-banner\">\n    <div class=\"container\">\n        <div class=\"banner-wrap layout2 content_right content_top\">\n            <div class=\"banner-image\">\n                                                            <img loading=\"lazy\" decoding=\"async\" width=\"1440\" height=\"1028\" src=\"https:\/\/shop.sereni.de\/app\/uploads\/sites\/17\/2023\/06\/Sonnenuntergang_Wald.jpg\" class=\"attachment-full-stretched size-full-stretched\" alt=\"Ihr letzter Wille\" srcset=\"https:\/\/shop.sereni.de\/app\/uploads\/sites\/17\/2023\/06\/Sonnenuntergang_Wald.jpg 1440w, https:\/\/shop.sereni.de\/app\/uploads\/sites\/17\/2023\/06\/Sonnenuntergang_Wald-300x214.jpg 300w, https:\/\/shop.sereni.de\/app\/uploads\/sites\/17\/2023\/06\/Sonnenuntergang_Wald-1024x731.jpg 1024w, https:\/\/shop.sereni.de\/app\/uploads\/sites\/17\/2023\/06\/Sonnenuntergang_Wald-420x300.jpg 420w, https:\/\/shop.sereni.de\/app\/uploads\/sites\/17\/2023\/06\/Sonnenuntergang_Wald-1300x928.jpg 1300w, https:\/\/shop.sereni.de\/app\/uploads\/sites\/17\/2023\/06\/Sonnenuntergang_Wald-600x428.jpg 600w\" sizes=\"auto, (max-width: 1440px) 100vw, 1440px\" title=\"Ihr letzter Wille\" \/>                                                <\/div>\n\n                            <div class=\"banner-content\">\n                    <div class=\"inner\">\n                        <h2><strong>Ihre Rechte am Lebensende<\/strong><\/h2>\n<h3><strong>Sie haben es in der Hand!<\/strong><\/h3>\n<p>Wir weisen darauf hin, dass Sie auf dieser Homepage lediglich allgemeine Informationen finden. Die Informationen k\u00f6nnen weder eine Rechtsberatung ersetzen noch ber\u00fccksichtigen sie die jeweiligen besonderen Gegebenheiten des Einzelfalles. F\u00fcr eine konkrete Rechtsberatung wenden Sie sich bitte an einen Rechtsanwalt.<\/p>\n                    <\/div>\n                <\/div>\n                    <\/div>\n    <\/div>\n<\/div>\n\n\n<div id=\"block-variable-content-list-block_6398cc1ee877d\" class=\"block-variable-content-list alt_1\">\n    <div class=\"container\">\n        <div class=\"widget-wrap per_row_2\">\n                        <div class=\"block-content\">\n                                                                                    <div class=\"element\">\n                                                            \n                                \n                                                                    <div class=\"content-wrap\">\n                                        <h3><strong>Ihr Testament<\/strong><\/h3>\n<p>In Ihrem Testament bestimmen Sie, was mit Ihrem Verm\u00f6gen und Besitz im Todesfall geschehen soll. Es gibt zwei M\u00f6glichkeiten ein rechtskr\u00e4ftiges Testament zu verfassen: Zum einen das \u201eeigenh\u00e4ndige Testament\u201c.<\/p>\n<p>Es muss vom Testierenden handschriftlich auf Papier niedergeschrieben werden, sollte Ort und Datum enthalten und muss Ihre pers\u00f6nliche Unterschrift mit vollem Vor- und Nachnamen tragen. Die Alternative ist das \u201enotarielle Testament\u201c, das von einem Notar beurkundet wird. Selbstverst\u00e4ndlich k\u00f6nnen Sie Ihr Testament jederzeit widerrufen.<\/p>\n<p>Weitere Informationen finden Sie hierzu auf der Seite des <a class=\"link-with-arrow\" href=\"https:\/\/www.bmj.de\/SharedDocs\/Publikationen\/DE\/Erben_Vererben.pdf?__blob=publicationFile&amp;v=40\">Bundesjustizministerium<\/a>.<\/p>\n                                    <\/div>\n                                                                                    <\/div>\n                                                                    <div class=\"element\">\n                                                            \n                                \n                                                                    <div class=\"content-wrap\">\n                                        <h3><strong>Erbrecht<\/strong><\/h3>\n<p>Sofern Sie nicht durch ein Testament Ihre Erben bestimmt haben, legt der Gesetzgeber eine Erbenreihenfolge fest: Erben erster Ordnung sind Kinder, Ehepartner und Enkel. In einer Zugewinngemeinschaft erbt der Ehepartner mindestens die H\u00e4lfte. Die andere H\u00e4lfte wird unter den ehelichen, nichtehelichen und adoptierten Kindern bzw., falls diese nicht mehr leben, unter deren Kindern zu jeweils gleichen Teilen aufgeteilt.<\/p>\n<p>Erben zweiter Ordnung sind Eltern, Geschwister und deren Kinder. Sie erben nur dann, wenn es keine direkten Nachkommen des Erblassers gibt. Gibt es auch keine Erben zweiter Ordnung, geht das Verm\u00f6gen an die Erben dritter Ordnung \u2013 die Gro\u00dfeltern, Onkel, Tanten, Cousins und Cousinen.<\/p>\n<p>Hierzu finden Sie Informationen auf der Seite des <a class=\"link-with-arrow\" href=\"https:\/\/www.bmj.de\/SharedDocs\/Publikationen\/DE\/Erben_Vererben.pdf?__blob=publicationFile&amp;v=40\">Bundesjustizministeriums<\/a>.<\/p>\n                                    <\/div>\n                                                                                    <\/div>\n                                                                    <div class=\"element\">\n                                                            \n                                \n                                                                    <div class=\"content-wrap\">\n                                        <h3><strong>Vorsorgevollmacht<\/strong><\/h3>\n<p>Mit einer Vorsorgevollmacht beauftragen Sie eine Person Ihres Vertrauens, stellvertretend f\u00fcr Sie s\u00e4mtliche oder einzelne festgelegte Entscheidungen zu treffen und Vertr\u00e4ge abzuschlie\u00dfen oder zu k\u00fcndigen, wenn Sie dazu nicht mehr in der Lage sind.<\/p>\n<p>F\u00fcr bestimmte Gesch\u00e4fte, insbesondere Grundst\u00fccksgesch\u00e4fte, ist eine notarielle Vorsorgevollmacht notwendig, f\u00fcr andere Verm\u00f6gensgesch\u00e4fte, insbesondere Bankgesch\u00e4fte aller Art, zumindest eine schriftliche Vollmacht. Abschlie\u00dfend sollte eine Vorsorgevollmacht immer mit einer Patientenverf\u00fcgung kombiniert werden, um auch gesundheitliche Aspekte zu kl\u00e4ren.<\/p>\n<p>Weitere Informationen finden Sie hierzu auf der Seite des <a class=\"link-with-arrow\" href=\"https:\/\/www.bmj.de\/DE\/Themen\/VorsorgeUndBetreuungsrecht\/Vorsorgevollmacht\/Vorsorgevollmacht_node.html\">Bundesjustizministerium<\/a>.<\/p>\n                                    <\/div>\n                                                                                    <\/div>\n                                                                    <div class=\"element\">\n                                                            \n                                \n                                                                    <div class=\"content-wrap\">\n                                        <h3><strong>Patientenverf\u00fcgung<\/strong><\/h3>\n<p>Mit einer Patientenverf\u00fcgung treffen Sie Vorsorge f\u00fcr den Fall, dass Sie eines Tages nicht mehr in der Lage sein sollten, Entscheidungen \u00fcber Ihre medizinische Behandlung zu treffen. Sie dient dazu, Ihrem behandelnden Arzt Anhaltspunkte daf\u00fcr zu geben, welche \u00e4rztliche Behandlung Sie unter welchen Bedingungen w\u00fcnschen oder ablehnen.<\/p>\n<p>Eine solche Patientenverf\u00fcgung kann mit einer notariellen Vorsorgevollmacht verbunden, aber auch isoliert und privatschriftlich erstellt werden. N\u00e4here Informationen dazu finden Sie unter\u00a0<a href=\"http:\/\/url.bestatterwebtool.de\/bmjvpatienten\" target=\"_blank\" rel=\"noopener\">www.bmjv.de<\/a>\u00a0oder unter\u00a0<a href=\"http:\/\/www.patientenverfuegung.de\/\" target=\"_blank\" rel=\"noopener\">www.patientenverfuegung.de<\/a>.<\/p>\n                                    <\/div>\n                                                                                    <\/div>\n                                                                    <div class=\"element\">\n                                                            \n                                \n                                                                    <div class=\"content-wrap\">\n                                        <h3><strong>Bestattungsvorsorgevertrag<\/strong><\/h3>\n<p>In einem Vorsorgevertrag k\u00f6nnen Sie von der Bestattungsart \u00fcber den Ort der Beisetzung und das Sarg- oder Urnenmodell bis zum Ablauf der Trauerfeier viele individuelle Details festhalten. Wichtig: Ihre Angeh\u00f6rigen m\u00fcssen von diesem Vertrag Kenntnis haben!<\/p>\n<p>Mit einem Vorsorgevertrag entlasten Sie Ihre Angeh\u00f6rigen aber nicht nur emotional. Er bietet Ihrer Familie auch finanzielle Absicherung, denn Sie k\u00f6nnen ihn mit einer Einmalzahlung auf ein Treuhandkonto oder einer regelm\u00e4\u00dfigen oder einmaligen Zahlung in eine Sterbegeldversicherung kombinieren. In einem pers\u00f6nlichen Gespr\u00e4ch informieren wir Sie gerne n\u00e4her \u00fcber dieses Thema.<\/p>\n                                    <\/div>\n                                                                                    <\/div>\n                                                                    <div class=\"element\">\n                                                            \n                                \n                                                                    <div class=\"content-wrap\">\n                                        <h3><strong>Organspende<\/strong><\/h3>\n<p>Die Organspende ist eine lebensrettende Ma\u00dfnahme f\u00fcr Menschen, die aufgrund einer Krankheit oder eines Unfalls geringe \u00dcberlebenschancen haben und unter einer starken Einschr\u00e4nkung ihrer Lebensqualit\u00e4t leiden.<\/p>\n<p>Mit der Hilfe eines Organspendeausweises k\u00f6nnen Sie dar\u00fcber verf\u00fcgen, ob in Ihrem eigenen Todesfall Ihre Organe per Spende\/Transplantation f\u00fcr diese Zwecke verwendet werden d\u00fcrfen. Sie k\u00f6nnen bestimmen, welche Organe Sie zur Spende freigeben.<\/p>\n<p>Viele Menschen lehnen die Organspende aus unterschiedlichen Gr\u00fcnden ab, w\u00e4hrend andere es f\u00fcr selbstverst\u00e4ndlich halten, sich als Spender zur Verf\u00fcgung zu stellen. Sprechen Sie mit Ihrer Familie \u00fcber das Thema, denn die Entscheidung daf\u00fcr oder dagegen ist sehr pers\u00f6nlich.<\/p>\n<p>Informationen sowie einen Organspendeausweis zum Download erhalten Sie hier: <a class=\"link-with-arrow\" href=\"http:\/\/www.organspende-info.de\/\">www.organspende-info.de<\/a><\/p>\n                                    <\/div>\n                                                                                    <\/div>\n                                                <\/div>\n        <\/div>\n    <\/div>\n<\/div>\n","protected":false},"excerpt":{"rendered":"","protected":false},"author":730,"featured_media":0,"parent":0,"menu_order":0,"comment_status":"closed","ping_status":"closed","template":"","meta":{"_acf_changed":false,"footnotes":""},"class_list":["post-945","page","type-page","status-publish","hentry"],"acf":[],"yoast_head":"<!-- This site is optimized with the Yoast SEO plugin v25.8 - https:\/\/yoast.com\/wordpress\/plugins\/seo\/ -->\n<title>Ihr letzter Wille - Mueller<\/title>\n<meta name=\"robots\" content=\"index, follow, max-snippet:-1, max-image-preview:large, max-video-preview:-1\" \/>\n<link rel=\"canonical\" href=\"https:\/\/mueller.sereni-de.baldwin.be\/de\/ihr-letzter-wille\/\" \/>\n<meta property=\"og:locale\" content=\"de_DE\" \/>\n<meta property=\"og:type\" content=\"article\" \/>\n<meta property=\"og:title\" content=\"Ihr letzter Wille - Mueller\" \/>\n<meta property=\"og:url\" content=\"https:\/\/mueller.sereni-de.baldwin.be\/de\/ihr-letzter-wille\/\" \/>\n<meta property=\"og:site_name\" content=\"Mueller\" \/>\n<meta property=\"article:modified_time\" content=\"2023-06-30T16:28:17+00:00\" \/>\n<meta name=\"twitter:card\" content=\"summary_large_image\" \/>\n<script type=\"application\/ld+json\" class=\"yoast-schema-graph\">{\"@context\":\"https:\/\/schema.org\",\"@graph\":[{\"@type\":\"WebPage\",\"@id\":\"https:\/\/mueller.sereni-de.baldwin.be\/de\/ihr-letzter-wille\/\",\"url\":\"https:\/\/mueller.sereni-de.baldwin.be\/de\/ihr-letzter-wille\/\",\"name\":\"Ihr letzter Wille - Mueller\",\"isPartOf\":{\"@id\":\"https:\/\/mueller.sereni-de.baldwin.be\/de\/#website\"},\"datePublished\":\"2022-12-13T19:11:00+00:00\",\"dateModified\":\"2023-06-30T16:28:17+00:00\",\"inLanguage\":\"de-DE\",\"potentialAction\":[{\"@type\":\"ReadAction\",\"target\":[\"https:\/\/mueller.sereni-de.baldwin.be\/de\/ihr-letzter-wille\/\"]}]},{\"@type\":\"WebSite\",\"@id\":\"https:\/\/mueller.sereni-de.baldwin.be\/de\/#website\",\"url\":\"https:\/\/mueller.sereni-de.baldwin.be\/de\/\",\"name\":\"Mueller\",\"description\":\"Just another Sereni Sites site\",\"potentialAction\":[{\"@type\":\"SearchAction\",\"target\":{\"@type\":\"EntryPoint\",\"urlTemplate\":\"https:\/\/mueller.sereni-de.baldwin.be\/de\/?s={search_term_string}\"},\"query-input\":{\"@type\":\"PropertyValueSpecification\",\"valueRequired\":true,\"valueName\":\"search_term_string\"}}],\"inLanguage\":\"de-DE\"}]}<\/script>\n<!-- \/ Yoast SEO plugin. -->","yoast_head_json":{"title":"Ihr letzter Wille - Mueller","robots":{"index":"index","follow":"follow","max-snippet":"max-snippet:-1","max-image-preview":"max-image-preview:large","max-video-preview":"max-video-preview:-1"},"canonical":"https:\/\/mueller.sereni-de.baldwin.be\/de\/ihr-letzter-wille\/","og_locale":"de_DE","og_type":"article","og_title":"Ihr letzter Wille - Mueller","og_url":"https:\/\/mueller.sereni-de.baldwin.be\/de\/ihr-letzter-wille\/","og_site_name":"Mueller","article_modified_time":"2023-06-30T16:28:17+00:00","twitter_card":"summary_large_image","schema":{"@context":"https:\/\/schema.org","@graph":[{"@type":"WebPage","@id":"https:\/\/mueller.sereni-de.baldwin.be\/de\/ihr-letzter-wille\/","url":"https:\/\/mueller.sereni-de.baldwin.be\/de\/ihr-letzter-wille\/","name":"Ihr letzter Wille - Mueller","isPartOf":{"@id":"https:\/\/mueller.sereni-de.baldwin.be\/de\/#website"},"datePublished":"2022-12-13T19:11:00+00:00","dateModified":"2023-06-30T16:28:17+00:00","inLanguage":"de-DE","potentialAction":[{"@type":"ReadAction","target":["https:\/\/mueller.sereni-de.baldwin.be\/de\/ihr-letzter-wille\/"]}]},{"@type":"WebSite","@id":"https:\/\/mueller.sereni-de.baldwin.be\/de\/#website","url":"https:\/\/mueller.sereni-de.baldwin.be\/de\/","name":"Mueller","description":"Just another Sereni Sites site","potentialAction":[{"@type":"SearchAction","target":{"@type":"EntryPoint","urlTemplate":"https:\/\/mueller.sereni-de.baldwin.be\/de\/?s={search_term_string}"},"query-input":{"@type":"PropertyValueSpecification","valueRequired":true,"valueName":"search_term_string"}}],"inLanguage":"de-DE"}]}},"_links":{"self":[{"href":"https:\/\/mueller.sereni-de.baldwin.be\/de\/wp-json\/wp\/v2\/pages\/945","targetHints":{"allow":["GET"]}}],"collection":[{"href":"https:\/\/mueller.sereni-de.baldwin.be\/de\/wp-json\/wp\/v2\/pages"}],"about":[{"href":"https:\/\/mueller.sereni-de.baldwin.be\/de\/wp-json\/wp\/v2\/types\/page"}],"author":[{"embeddable":true,"href":"https:\/\/mueller.sereni-de.baldwin.be\/de\/wp-json\/wp\/v2\/users\/730"}],"replies":[{"embeddable":true,"href":"https:\/\/mueller.sereni-de.baldwin.be\/de\/wp-json\/wp\/v2\/comments?post=945"}],"version-history":[{"count":37,"href":"https:\/\/mueller.sereni-de.baldwin.be\/de\/wp-json\/wp\/v2\/pages\/945\/revisions"}],"predecessor-version":[{"id":2569,"href":"https:\/\/mueller.sereni-de.baldwin.be\/de\/wp-json\/wp\/v2\/pages\/945\/revisions\/2569"}],"wp:attachment":[{"href":"https:\/\/mueller.sereni-de.baldwin.be\/de\/wp-json\/wp\/v2\/media?parent=945"}],"curies":[{"name":"wp","href":"https:\/\/api.w.org\/{rel}","templated":true}]}}