{"id":52,"date":"2022-10-11T12:53:37","date_gmt":"2022-10-11T12:53:37","guid":{"rendered":"https:\/\/mueller.sereni-de.baldwin.be\/?page_id=52"},"modified":"2023-08-01T11:11:20","modified_gmt":"2023-08-01T11:11:20","slug":"abschiedsorte","status":"publish","type":"page","link":"https:\/\/mueller.sereni-de.baldwin.be\/de\/abschiedsorte\/","title":{"rendered":"Bestattungshaus"},"content":{"rendered":"<div id=\"block-variable-content-list-block_6d3bff5e86e933ab3bc92c6fc5eb8dfd\" class=\"block-variable-content-list alt_1\">\n    <div class=\"container\">\n        <div class=\"widget-wrap per_row_2\">\n                        <div class=\"block-content\">\n                                                                                    <div class=\"element\">\n                                                            \n                                \n                                                                    <div class=\"content-wrap\">\n                                        <h2><strong>Seien Sie unser Gast<\/strong><\/h2>\n<p>Vertrauen Sie auf unsere langj\u00e4hrige Erfahrung und pers\u00f6nliche Betreuung. Wir sind gerne f\u00fcr Sie da, um Sie bestm\u00f6glich zu unterst\u00fctzen.<\/p>\n<p><span class=\"type-j\"><strong>Bestattungen Lueb<\/strong><\/span><span class=\"type-j\"><strong><br \/>\n<\/strong><\/span><span class=\"type-j\"><strong>Bl\u00fccherstra\u00dfe 25<br \/>\n46397 Bocholt<\/strong><\/span><\/p>\n<p><span class=\"type-j\"><strong><a href=\"tel:0 2871 %E2%60%51\">Telefon: 02871 \u2013 60 51<\/a><br \/>\n<\/strong><\/span><span class=\"type-j\"><strong><a href=\"mailto:mail@bestattungen-lueb.de\">m<\/a><a href=\"mailto:mail@bestattungen-lueb.de\">ail@bestattungen-lueb.de<\/a><\/strong><\/span><\/p>\n<p><a class=\"btn btn-primary\" href=\"https:\/\/mueller.sereni-de.baldwin.be\/de\/kontakt\/\">Kontaktieren Sie uns<\/a><\/p>\n                                    <\/div>\n                                                                                    <\/div>\n                                                                    <div class=\"element\">\n                                                            \n                                                                    <div class=\"image-wrap\">\n                                                                                    <img loading=\"lazy\" decoding=\"async\" width=\"1024\" height=\"934\" src=\"https:\/\/shop.sereni.de\/app\/uploads\/sites\/17\/2023\/08\/Lueb-Team-1.jpg\" class=\"attachment-large size-large\" alt=\"Bestattungshaus\" srcset=\"https:\/\/shop.sereni.de\/app\/uploads\/sites\/17\/2023\/08\/Lueb-Team-1.jpg 1024w, https:\/\/shop.sereni.de\/app\/uploads\/sites\/17\/2023\/08\/Lueb-Team-1-300x274.jpg 300w, https:\/\/shop.sereni.de\/app\/uploads\/sites\/17\/2023\/08\/Lueb-Team-1-329x300.jpg 329w, https:\/\/shop.sereni.de\/app\/uploads\/sites\/17\/2023\/08\/Lueb-Team-1-600x547.jpg 600w\" sizes=\"auto, (max-width: 1024px) 100vw, 1024px\" title=\"Bestattungshaus\" \/>                                                                            <\/div>\n                                \n                                                                                    <\/div>\n                                                <\/div>\n        <\/div>\n    <\/div>\n<\/div>\n\n\n\n<div id=\"block-main-banner-block_572a25bb4baefc78494a377c0e34787e\" class=\"block-main-banner\">\n    <div class=\"container\">\n        <div class=\"banner-wrap layout2 content_right content_top\">\n            <div class=\"banner-image\">\n                                                            <img loading=\"lazy\" decoding=\"async\" width=\"900\" height=\"591\" src=\"https:\/\/shop.sereni.de\/app\/uploads\/sites\/17\/2023\/06\/Sarg-mit-Blumen-1.jpg\" class=\"attachment-full-stretched size-full-stretched\" alt=\"Bestattungshaus\" srcset=\"https:\/\/shop.sereni.de\/app\/uploads\/sites\/17\/2023\/06\/Sarg-mit-Blumen-1.jpg 900w, https:\/\/shop.sereni.de\/app\/uploads\/sites\/17\/2023\/06\/Sarg-mit-Blumen-1-300x197.jpg 300w, https:\/\/shop.sereni.de\/app\/uploads\/sites\/17\/2023\/06\/Sarg-mit-Blumen-1-457x300.jpg 457w, https:\/\/shop.sereni.de\/app\/uploads\/sites\/17\/2023\/06\/Sarg-mit-Blumen-1-600x394.jpg 600w\" sizes=\"auto, (max-width: 900px) 100vw, 900px\" title=\"Bestattungshaus\" \/>                                                <\/div>\n\n                            <div class=\"banner-content\">\n                    <div class=\"inner\">\n                        <h3><strong>Wir bestatten in:<\/strong><\/h3>\n<div class=\"ce_text\">\n<ul>\n<li>Bocholt mit allen Ortsteilen und Friedh\u00f6fen,<\/li>\n<li><span style=\"font-size: 1.125rem\">im gesamten Westm\u00fcnderland,<\/span><\/li>\n<li>und auf Wunsch in der gesamten Bundesrepublik<br \/>\nund im Ausland<\/li>\n<\/ul>\n<\/div>\n                    <\/div>\n                <\/div>\n                    <\/div>\n    <\/div>\n<\/div>\n\n\n\n<div id=\"block-main-banner-block_72fe561005c4330739a4ab2e47b00e32\" class=\"block-main-banner\">\n    <div class=\"container\">\n        <div class=\"banner-wrap layout2 content_left content_top\">\n            <div class=\"banner-image\">\n                                                            <img loading=\"lazy\" decoding=\"async\" width=\"965\" height=\"668\" src=\"https:\/\/shop.sereni.de\/app\/uploads\/sites\/17\/2023\/06\/Lueb_Buero-e1688127657969.jpg\" class=\"attachment-full-stretched size-full-stretched\" alt=\"Bestattungshaus\" srcset=\"https:\/\/shop.sereni.de\/app\/uploads\/sites\/17\/2023\/06\/Lueb_Buero-e1688127657969.jpg 965w, https:\/\/shop.sereni.de\/app\/uploads\/sites\/17\/2023\/06\/Lueb_Buero-e1688127657969-300x208.jpg 300w, https:\/\/shop.sereni.de\/app\/uploads\/sites\/17\/2023\/06\/Lueb_Buero-e1688127657969-433x300.jpg 433w, https:\/\/shop.sereni.de\/app\/uploads\/sites\/17\/2023\/06\/Lueb_Buero-e1688127657969-600x415.jpg 600w\" sizes=\"auto, (max-width: 965px) 100vw, 965px\" title=\"Bestattungshaus\" \/>                                                <\/div>\n\n                            <div class=\"banner-content\">\n                    <div class=\"inner\">\n                        <h2 id=\"admin\"><strong>Unser B\u00fcro<\/strong><\/h2>\n<h4>Ort des Vertrauens &amp; der Diskretion.<\/h4>\n<div class=\"sidelist\">\n<p>In der schweren Zeit nach einem Trauerfall sollen Sie sich bei uns gut aufgehoben f\u00fchlen.<\/p>\n<p>In freundlich-hellen Besprechungsr\u00e4umen nehmen wir uns Zeit und helfen bei allen wichtigen Entscheidungen. Wenn Sie m\u00f6chten, kommen wir f\u00fcr die Beratungsgespr\u00e4che selbstverst\u00e4ndlich auch zu Ihnen nach Hause.<\/p>\n<div>\n<div><\/div>\n<\/div>\n<\/div>\n                    <\/div>\n                <\/div>\n                    <\/div>\n    <\/div>\n<\/div>\n\n\n\n<div id=\"block-main-banner-block_ffe1606b50e5fb5224fc5cc5703b8d49\" class=\"block-main-banner\">\n    <div class=\"container\">\n        <div class=\"banner-wrap layout2 content_right content_top\">\n            <div class=\"banner-image\">\n                                                            <img loading=\"lazy\" decoding=\"async\" width=\"807\" height=\"600\" src=\"https:\/\/shop.sereni.de\/app\/uploads\/sites\/17\/2023\/06\/Trauerraum_Lueb-e1688127787287.jpg\" class=\"attachment-full-stretched size-full-stretched\" alt=\"Bestattungshaus\" srcset=\"https:\/\/shop.sereni.de\/app\/uploads\/sites\/17\/2023\/06\/Trauerraum_Lueb-e1688127787287.jpg 807w, https:\/\/shop.sereni.de\/app\/uploads\/sites\/17\/2023\/06\/Trauerraum_Lueb-e1688127787287-300x223.jpg 300w, https:\/\/shop.sereni.de\/app\/uploads\/sites\/17\/2023\/06\/Trauerraum_Lueb-e1688127787287-404x300.jpg 404w, https:\/\/shop.sereni.de\/app\/uploads\/sites\/17\/2023\/06\/Trauerraum_Lueb-e1688127787287-600x446.jpg 600w\" sizes=\"auto, (max-width: 807px) 100vw, 807px\" title=\"Bestattungshaus\" \/>                                                <\/div>\n\n                            <div class=\"banner-content\">\n                    <div class=\"inner\">\n                        <h2 id=\"versorgung\"><strong>Abschiedsraum<\/strong><\/h2>\n<h4>Willkommen in unserem Abschiedsraum &#8211; einem Ort des Trostes und der Ruhe.<\/h4>\n<p>Unser Abschiedsraum wurde sorgf\u00e4ltig gestaltet, um Ihnen und Ihren Lieben einen w\u00fcrdevollen und einf\u00fchlsamen Raum zu bieten, um Abschied zu nehmen. Jedes Detail wurde mit Bedacht gew\u00e4hlt, um eine Atmosph\u00e4re der Geborgenheit und des Friedens zu schaffen.<\/p>\n<p>In diesem Raum haben Sie die M\u00f6glichkeit, in Ruhe Abschied zu nehmen und Ihre Erinnerungen zu ehren. Ob Sie alleine sein m\u00f6chten, gemeinsam mit Ihren Angeh\u00f6rigen oder in Begleitung unseres einf\u00fchlsamen Teams \u2013 wir respektieren Ihre W\u00fcnsche und stehen Ihnen zur Seite.<\/p>\n<p>&nbsp;<\/p>\n                    <\/div>\n                <\/div>\n                    <\/div>\n    <\/div>\n<\/div>\n\n\n\n<div id=\"block-main-banner-block_1d6335f1a4e51d96d973608e089e53ba\" class=\"block-main-banner\">\n    <div class=\"container\">\n        <div class=\"banner-wrap layout2 content_left content_top\">\n            <div class=\"banner-image\">\n                                                            <img loading=\"lazy\" decoding=\"async\" width=\"814\" height=\"600\" src=\"https:\/\/shop.sereni.de\/app\/uploads\/sites\/17\/2023\/06\/Saerge_Lueb-e1688127921554.jpg\" class=\"attachment-full-stretched size-full-stretched\" alt=\"Bestattungshaus\" srcset=\"https:\/\/shop.sereni.de\/app\/uploads\/sites\/17\/2023\/06\/Saerge_Lueb-e1688127921554.jpg 814w, https:\/\/shop.sereni.de\/app\/uploads\/sites\/17\/2023\/06\/Saerge_Lueb-e1688127921554-300x221.jpg 300w, https:\/\/shop.sereni.de\/app\/uploads\/sites\/17\/2023\/06\/Saerge_Lueb-e1688127921554-407x300.jpg 407w, https:\/\/shop.sereni.de\/app\/uploads\/sites\/17\/2023\/06\/Saerge_Lueb-e1688127921554-600x442.jpg 600w\" sizes=\"auto, (max-width: 814px) 100vw, 814px\" title=\"Bestattungshaus\" \/>                                                <\/div>\n\n                            <div class=\"banner-content\">\n                    <div class=\"inner\">\n                        <h2 id=\"admin\"><strong>S\u00e4rge<\/strong><\/h2>\n<h4>Entdecken Sie unsere S\u00e4rge &#8211; lokale Meisterwerke.<\/h4>\n<p>In unserem Bestattungsinstitut legen wir gro\u00dfen Wert auf Qualit\u00e4t und Individualit\u00e4t. Deshalb haben wir eine besondere Auswahl an S\u00e4rgen, die u. a. von talentierten Handwerkern lokal gefertigt werden.<\/p>\n<p>Unsere S\u00e4rge werden aus sorgf\u00e4ltig ausgew\u00e4hlten Materialien hergestellt, die sowohl \u00e4sthetisch ansprechend als auch umweltfreundlich sind. Wir bieten Ihnen eine Vielfalt an Holzarten, Oberfl\u00e4chen und Veredelungen, damit Sie einen Sarg ausw\u00e4hlen k\u00f6nnen, der den individuellen Stil und die Vorlieben des Verstorbenen widerspiegelt.<\/p>\n<div class=\"sidelist\">\n<div>\n<div><\/div>\n<\/div>\n<\/div>\n                    <\/div>\n                <\/div>\n                    <\/div>\n    <\/div>\n<\/div>\n\n\n\n<div id=\"block-main-banner-block_3f627f2c2772d7532c1339c9f7a579e5\" class=\"block-main-banner\">\n    <div class=\"container\">\n        <div class=\"banner-wrap layout2 content_right content_top\">\n            <div class=\"banner-image\">\n                                                            <img loading=\"lazy\" decoding=\"async\" width=\"900\" height=\"621\" src=\"https:\/\/shop.sereni.de\/app\/uploads\/sites\/17\/2023\/06\/Urnen_Lueb.jpg\" class=\"attachment-full-stretched size-full-stretched\" alt=\"Bestattungshaus\" srcset=\"https:\/\/shop.sereni.de\/app\/uploads\/sites\/17\/2023\/06\/Urnen_Lueb.jpg 900w, https:\/\/shop.sereni.de\/app\/uploads\/sites\/17\/2023\/06\/Urnen_Lueb-300x207.jpg 300w, https:\/\/shop.sereni.de\/app\/uploads\/sites\/17\/2023\/06\/Urnen_Lueb-435x300.jpg 435w, https:\/\/shop.sereni.de\/app\/uploads\/sites\/17\/2023\/06\/Urnen_Lueb-600x414.jpg 600w\" sizes=\"auto, (max-width: 900px) 100vw, 900px\" title=\"Bestattungshaus\" \/>                                                <\/div>\n\n                            <div class=\"banner-content\">\n                    <div class=\"inner\">\n                        <h2 id=\"versorgung\"><strong>Urnen<\/strong><\/h2>\n<h4>Entdecken Sie unsere vielf\u00e4ltige Auswahl an Urnen.<\/h4>\n<p>Unsere Urnen sind aus verschiedenen hochwertigen Materialien gefertigt, wie Holz, Keramik, Metall und Naturstein. Sie zeichnen sich durch ihre \u00e4sthetische Gestaltung, ihre Verarbeitungsqualit\u00e4t und ihre Vielfalt an Stilen aus. So k\u00f6nnen Sie eine Urne w\u00e4hlen, die die Pers\u00f6nlichkeit und den Stil Ihres geliebten Menschen widerspiegelt.<\/p>\n                    <\/div>\n                <\/div>\n                    <\/div>\n    <\/div>\n<\/div>\n","protected":false},"excerpt":{"rendered":"","protected":false},"author":1,"featured_media":0,"parent":0,"menu_order":0,"comment_status":"closed","ping_status":"closed","template":"","meta":{"_acf_changed":false,"footnotes":""},"class_list":["post-52","page","type-page","status-publish","hentry"],"acf":[],"yoast_head":"<!-- This site is optimized with the Yoast SEO plugin v25.8 - https:\/\/yoast.com\/wordpress\/plugins\/seo\/ -->\n<title>Bestattungshaus - Mueller<\/title>\n<meta name=\"robots\" content=\"index, follow, max-snippet:-1, max-image-preview:large, max-video-preview:-1\" \/>\n<link rel=\"canonical\" href=\"https:\/\/mueller.sereni-de.baldwin.be\/de\/abschiedsorte\/\" \/>\n<meta property=\"og:locale\" content=\"de_DE\" \/>\n<meta property=\"og:type\" content=\"article\" \/>\n<meta property=\"og:title\" content=\"Bestattungshaus - Mueller\" \/>\n<meta property=\"og:url\" content=\"https:\/\/mueller.sereni-de.baldwin.be\/de\/abschiedsorte\/\" \/>\n<meta property=\"og:site_name\" content=\"Mueller\" \/>\n<meta property=\"article:modified_time\" content=\"2023-08-01T11:11:20+00:00\" \/>\n<meta name=\"twitter:card\" content=\"summary_large_image\" \/>\n<script type=\"application\/ld+json\" class=\"yoast-schema-graph\">{\"@context\":\"https:\/\/schema.org\",\"@graph\":[{\"@type\":\"WebPage\",\"@id\":\"https:\/\/mueller.sereni-de.baldwin.be\/de\/abschiedsorte\/\",\"url\":\"https:\/\/mueller.sereni-de.baldwin.be\/de\/abschiedsorte\/\",\"name\":\"Bestattungshaus - Mueller\",\"isPartOf\":{\"@id\":\"https:\/\/mueller.sereni-de.baldwin.be\/de\/#website\"},\"datePublished\":\"2022-10-11T12:53:37+00:00\",\"dateModified\":\"2023-08-01T11:11:20+00:00\",\"inLanguage\":\"de-DE\",\"potentialAction\":[{\"@type\":\"ReadAction\",\"target\":[\"https:\/\/mueller.sereni-de.baldwin.be\/de\/abschiedsorte\/\"]}]},{\"@type\":\"WebSite\",\"@id\":\"https:\/\/mueller.sereni-de.baldwin.be\/de\/#website\",\"url\":\"https:\/\/mueller.sereni-de.baldwin.be\/de\/\",\"name\":\"Mueller\",\"description\":\"Just another Sereni Sites site\",\"potentialAction\":[{\"@type\":\"SearchAction\",\"target\":{\"@type\":\"EntryPoint\",\"urlTemplate\":\"https:\/\/mueller.sereni-de.baldwin.be\/de\/?s={search_term_string}\"},\"query-input\":{\"@type\":\"PropertyValueSpecification\",\"valueRequired\":true,\"valueName\":\"search_term_string\"}}],\"inLanguage\":\"de-DE\"}]}<\/script>\n<!-- \/ Yoast SEO plugin. -->","yoast_head_json":{"title":"Bestattungshaus - Mueller","robots":{"index":"index","follow":"follow","max-snippet":"max-snippet:-1","max-image-preview":"max-image-preview:large","max-video-preview":"max-video-preview:-1"},"canonical":"https:\/\/mueller.sereni-de.baldwin.be\/de\/abschiedsorte\/","og_locale":"de_DE","og_type":"article","og_title":"Bestattungshaus - Mueller","og_url":"https:\/\/mueller.sereni-de.baldwin.be\/de\/abschiedsorte\/","og_site_name":"Mueller","article_modified_time":"2023-08-01T11:11:20+00:00","twitter_card":"summary_large_image","schema":{"@context":"https:\/\/schema.org","@graph":[{"@type":"WebPage","@id":"https:\/\/mueller.sereni-de.baldwin.be\/de\/abschiedsorte\/","url":"https:\/\/mueller.sereni-de.baldwin.be\/de\/abschiedsorte\/","name":"Bestattungshaus - Mueller","isPartOf":{"@id":"https:\/\/mueller.sereni-de.baldwin.be\/de\/#website"},"datePublished":"2022-10-11T12:53:37+00:00","dateModified":"2023-08-01T11:11:20+00:00","inLanguage":"de-DE","potentialAction":[{"@type":"ReadAction","target":["https:\/\/mueller.sereni-de.baldwin.be\/de\/abschiedsorte\/"]}]},{"@type":"WebSite","@id":"https:\/\/mueller.sereni-de.baldwin.be\/de\/#website","url":"https:\/\/mueller.sereni-de.baldwin.be\/de\/","name":"Mueller","description":"Just another Sereni Sites site","potentialAction":[{"@type":"SearchAction","target":{"@type":"EntryPoint","urlTemplate":"https:\/\/mueller.sereni-de.baldwin.be\/de\/?s={search_term_string}"},"query-input":{"@type":"PropertyValueSpecification","valueRequired":true,"valueName":"search_term_string"}}],"inLanguage":"de-DE"}]}},"_links":{"self":[{"href":"https:\/\/mueller.sereni-de.baldwin.be\/de\/wp-json\/wp\/v2\/pages\/52","targetHints":{"allow":["GET"]}}],"collection":[{"href":"https:\/\/mueller.sereni-de.baldwin.be\/de\/wp-json\/wp\/v2\/pages"}],"about":[{"href":"https:\/\/mueller.sereni-de.baldwin.be\/de\/wp-json\/wp\/v2\/types\/page"}],"author":[{"embeddable":true,"href":"https:\/\/mueller.sereni-de.baldwin.be\/de\/wp-json\/wp\/v2\/users\/1"}],"replies":[{"embeddable":true,"href":"https:\/\/mueller.sereni-de.baldwin.be\/de\/wp-json\/wp\/v2\/comments?post=52"}],"version-history":[{"count":108,"href":"https:\/\/mueller.sereni-de.baldwin.be\/de\/wp-json\/wp\/v2\/pages\/52\/revisions"}],"predecessor-version":[{"id":2558,"href":"https:\/\/mueller.sereni-de.baldwin.be\/de\/wp-json\/wp\/v2\/pages\/52\/revisions\/2558"}],"wp:attachment":[{"href":"https:\/\/mueller.sereni-de.baldwin.be\/de\/wp-json\/wp\/v2\/media?parent=52"}],"curies":[{"name":"wp","href":"https:\/\/api.w.org\/{rel}","templated":true}]}}