{"id":2274,"date":"2023-07-07T17:19:01","date_gmt":"2023-07-07T17:19:01","guid":{"rendered":"https:\/\/mueller.sereni-de.baldwin.be\/?page_id=2274"},"modified":"2023-07-10T10:17:27","modified_gmt":"2023-07-10T10:17:27","slug":"bestattungsarten","status":"publish","type":"page","link":"https:\/\/mueller.sereni-de.baldwin.be\/de\/bestattungsarten\/","title":{"rendered":"Bestattungsarten"},"content":{"rendered":"<div id=\"block-variable-content-list-block_fb5eb925ff6e7a984b54815967504b3d\" class=\"block-variable-content-list alt_1\">\n    <div class=\"container\">\n        <div class=\"widget-wrap per_row_2\">\n                        <div class=\"block-content\">\n                                                                                    <div class=\"element\">\n                                                            \n                                \n                                                                    <div class=\"content-wrap\">\n                                        <div class=\"headline-wrapper\">\n<h4><strong>Was hat sich der Verstorbene gew\u00fcnscht?<br \/>\n<\/strong><strong>Welche Erwartungen haben Sie an einen Ort der Erinnerung?<\/strong><\/h4>\n<div class=\"text-wrapper\">\n<p>Solche Fragen spielen bei der Wahl zwischen einer Erdbestattung in einem Sarg und einer Feuerbestattung (Ein\u00e4scherung) mit anschlie\u00dfender Urnenbestattung eine wichtige Rolle.<\/p>\n<p><strong>Grunds\u00e4tzlich gilt:<\/strong> Eine Erdbestattung ist nur auf einem Friedhof m\u00f6glich. Bei einer Urnenbeisetzung sind die M\u00f6glichkeiten deutlich vielf\u00e4ltiger. Die Kosten einer Bestattung h\u00e4ngen von mehreren Faktoren ab. Gemeinsam mit Ihnen erstellen wir einen Plan, der Ihr Budget ber\u00fccksichtigt.<br \/>\n<span style=\"font-size: 1.125rem;letter-spacing: 0px\"><br \/>\nInformieren Sie sich, \u00fcber eine Auswahl unserer Bestattungsarten:\u00a0<\/span><\/p>\n<\/div>\n<\/div>\n<div class=\"text-wrapper\">\n<ul>\n<li><a href=\"#erd\">Erdbestattung<\/a><\/li>\n<li><a href=\"#feuer\">Feuerbestattung<\/a><\/li>\n<li><a href=\"#see\">Seebestattung<\/a><\/li>\n<li><a href=\"#baum\">Baumbestattung<\/a><\/li>\n<li><a href=\"#dia\">Diamantenbestattung<\/a><\/li>\n<li><a href=\"#luft\">Luftbestattung<\/a><\/li>\n<\/ul>\n<\/div>\n<h3><a class=\"btn btn-primary\" href=\"https:\/\/mueller.sereni-de.baldwin.be\/de\/kontakt\/\"><strong>Kontakt<\/strong><\/a><\/h3>\n                                    <\/div>\n                                                                                    <\/div>\n                                                                    <div class=\"element\">\n                                                            \n                                                                    <div class=\"image-wrap\">\n                                                                                    <img loading=\"lazy\" decoding=\"async\" width=\"819\" height=\"1024\" src=\"https:\/\/shop.sereni.de\/app\/uploads\/sites\/17\/2023\/07\/Blumenstrauss-e1688984162706-819x1024.jpg\" class=\"attachment-large size-large\" alt=\"Bestattungsarten\" srcset=\"https:\/\/shop.sereni.de\/app\/uploads\/sites\/17\/2023\/07\/Blumenstrauss-e1688984162706-819x1024.jpg 819w, https:\/\/shop.sereni.de\/app\/uploads\/sites\/17\/2023\/07\/Blumenstrauss-e1688984162706-240x300.jpg 240w, https:\/\/shop.sereni.de\/app\/uploads\/sites\/17\/2023\/07\/Blumenstrauss-e1688984162706-480x600.jpg 480w, https:\/\/shop.sereni.de\/app\/uploads\/sites\/17\/2023\/07\/Blumenstrauss-e1688984162706.jpg 960w\" sizes=\"auto, (max-width: 819px) 100vw, 819px\" title=\"Bestattungsarten\" \/>                                                                            <\/div>\n                                \n                                                                                    <\/div>\n                                                <\/div>\n        <\/div>\n    <\/div>\n<\/div>\n\n\n\n<div id=\"block-main-banner-block_7b1bd67e01e9609b6af812f002c83b72\" class=\"block-main-banner\">\n    <div class=\"container\">\n        <div class=\"banner-wrap layout2 content_left content_top\">\n            <div class=\"banner-image\">\n                                                            <img loading=\"lazy\" decoding=\"async\" width=\"400\" height=\"604\" src=\"https:\/\/shop.sereni.de\/app\/uploads\/sites\/17\/2023\/07\/Erdbestattung.jpg\" class=\"attachment-full-stretched size-full-stretched\" alt=\"Bestattungsarten\" srcset=\"https:\/\/shop.sereni.de\/app\/uploads\/sites\/17\/2023\/07\/Erdbestattung.jpg 400w, https:\/\/shop.sereni.de\/app\/uploads\/sites\/17\/2023\/07\/Erdbestattung-199x300.jpg 199w, https:\/\/shop.sereni.de\/app\/uploads\/sites\/17\/2023\/07\/Erdbestattung-397x600.jpg 397w\" sizes=\"auto, (max-width: 400px) 100vw, 400px\" title=\"Bestattungsarten\" \/>                                                <\/div>\n\n                            <div class=\"banner-content\">\n                    <div class=\"inner\">\n                        <div class=\"headline-wrapper\">\n<h2 id=\"erd\" class=\"headline2\">Erdbestattung<\/h2>\n<\/div>\n<div class=\"text-wrapper\">\n<p>Wie die Zeremonie einer Bestattung, so geh\u00f6rt auch die Bestattungsform zur Individualit\u00e4t des Verstorbenen. Zur Auswahl stehen verschiedene Varianten der Erd- und der Feuerbestattung. Je nach Friedhof und Leistung fallen nat\u00fcrlich unterschiedlich hohe Kosten an. Die folgende Liste gibt einen \u00dcberblick \u00fcber die Grabarten.<\/p>\n<h4>\u2022 \u00a0 Wahlgrab (Erd,-Feuerbestattung)<\/h4>\n<p>Schon zu Lebzeiten den Friedhof und den Platz des Grabes ausw\u00e4hlen \u2013 das ist m\u00f6glich, wenn man sich f\u00fcr ein Wahlgrab entscheidet. Das Nutzungsrecht an diesem Grab kann immer wieder verl\u00e4ngert werden, beispielsweise im Zuge einer weiteren Beisetzung.<\/p>\n<h4>\u2022 \u00a0 Reihengrab (Erd,-Feuerbestattung)<\/h4>\n<p>In Reihen platzierte Gr\u00e4ber werden in chronologischer Folge belegt: Die Reihe wird mit jedem verstorbenen Individuum fortgef\u00fchrt. Die Grabstellen sind also f\u00fcr nur eine Bestattung ausgelegt. Familienangeh\u00f6rige m\u00fcssen sp\u00e4ter an einem separaten Platz bestattet werden.<\/p>\n<h4>\u2022 \u00a0 Rasengrab (Erd,-Feuerbestattung)<\/h4>\n<p>Auf einem Rasengrab ist in der Regel ein Grabstein platziert, vorgeschrieben ist das jedoch nicht. F\u00fcr Pflege des Rasens ist der Tr\u00e4ger der Grabstelle verantwortlich.<\/p>\n<h4>\u2022 \u00a0 Urnenw\u00e4nde (Feuerbestattung)<\/h4>\n<p>Als Kolumbarium wird eine Urnenwand bezeichnet. Jede der Kammern in dieser Wand kann eine oder mehrere Urne aufnehmen. Eine Gravur, meist in eine Mamorplatte gemei\u00dfelt, erinnert an die Verstorbenen.<\/p>\n<\/div>\n                    <\/div>\n                <\/div>\n                    <\/div>\n    <\/div>\n<\/div>\n\n\n\n<div id=\"block-main-banner-block_3c23b2cb2c6dede77ffd68b374ee161c\" class=\"block-main-banner\">\n    <div class=\"container\">\n        <div class=\"banner-wrap layout2 content_right content_top\">\n            <div class=\"banner-image\">\n                                                            <img loading=\"lazy\" decoding=\"async\" width=\"900\" height=\"621\" src=\"https:\/\/shop.sereni.de\/app\/uploads\/sites\/17\/2023\/07\/Urnen_Lueb.jpg\" class=\"attachment-full-stretched size-full-stretched\" alt=\"Bestattungsarten\" srcset=\"https:\/\/shop.sereni.de\/app\/uploads\/sites\/17\/2023\/07\/Urnen_Lueb.jpg 900w, https:\/\/shop.sereni.de\/app\/uploads\/sites\/17\/2023\/07\/Urnen_Lueb-300x207.jpg 300w, https:\/\/shop.sereni.de\/app\/uploads\/sites\/17\/2023\/07\/Urnen_Lueb-435x300.jpg 435w, https:\/\/shop.sereni.de\/app\/uploads\/sites\/17\/2023\/07\/Urnen_Lueb-600x414.jpg 600w\" sizes=\"auto, (max-width: 900px) 100vw, 900px\" title=\"Bestattungsarten\" \/>                                                <\/div>\n\n                            <div class=\"banner-content\">\n                    <div class=\"inner\">\n                        <div class=\"headline-wrapper\">\n<div id=\"moduleWrapper221\" class=\"module-wrapper Text_Text row\">\n<div class=\"col-xs-12\">\n<div class=\"module-content-block\">\n<div class=\"headline-wrapper\">\n<h2 id=\"feuer\" class=\"headline2\">Feuerbestattung<\/h2>\n<\/div>\n<div class=\"text-wrapper\">\n<p>F\u00fcr eine Feuerbestattung m\u00fcssen bestimmte Voraussetzungen erf\u00fcllt sein: Eine entsprechende Verf\u00fcgung des Verstorbenen ist ebenso notwendig wie eine zweite Leichenschau vor der Verbrennung des Sarges im Krematorium. Vergleichbar mit der Dekomposition des K\u00f6rpers bei einer Erdbestattung, kommt es bei der Verbrennung durch auf 800 Grad erhitzte Luft zu einer Dehydrierung.<\/p>\n<p>Der Vorgang ist jedoch viel schneller abgeschlossen: Er dauert nur ca. 90 Minuten. Nach der Verbrennung nimmt eine Aschekapsel die Asche des Verstorbenen auf. Sie tr\u00e4gt den Namen, das Geburts- und Todesdatum sowie das Datum der Ein\u00e4scherung. Bestattet wird die Kapsel in einer weiteren Urne.<\/p>\n<\/div>\n<\/div>\n<\/div>\n<\/div>\n<div id=\"moduleWrapper222\" class=\"module-wrapper Text_Text row\">\n<div class=\"col-xs-12\">\n<div class=\"module-content-block\">\n<div class=\"headline-wrapper\"><\/div>\n<\/div>\n<\/div>\n<\/div>\n<\/div>\n                    <\/div>\n                <\/div>\n                    <\/div>\n    <\/div>\n<\/div>\n\n\n\n<div id=\"block-main-banner-block_6c632dcfb5a9d4c69cdd0122f1d1fe07\" class=\"block-main-banner\">\n    <div class=\"container\">\n        <div class=\"banner-wrap layout2 content_left content_top\">\n            <div class=\"banner-image\">\n                                                            <img loading=\"lazy\" decoding=\"async\" width=\"1087\" height=\"629\" src=\"https:\/\/shop.sereni.de\/app\/uploads\/sites\/17\/2023\/07\/mark-olsen-XZzpFiSzZGk-unsplash-e1688751726914.jpg\" class=\"attachment-full-stretched size-full-stretched\" alt=\"Bestattungsarten\" srcset=\"https:\/\/shop.sereni.de\/app\/uploads\/sites\/17\/2023\/07\/mark-olsen-XZzpFiSzZGk-unsplash-e1688751726914.jpg 1087w, https:\/\/shop.sereni.de\/app\/uploads\/sites\/17\/2023\/07\/mark-olsen-XZzpFiSzZGk-unsplash-e1688751726914-300x174.jpg 300w, https:\/\/shop.sereni.de\/app\/uploads\/sites\/17\/2023\/07\/mark-olsen-XZzpFiSzZGk-unsplash-e1688751726914-1024x593.jpg 1024w, https:\/\/shop.sereni.de\/app\/uploads\/sites\/17\/2023\/07\/mark-olsen-XZzpFiSzZGk-unsplash-e1688751726914-500x289.jpg 500w, https:\/\/shop.sereni.de\/app\/uploads\/sites\/17\/2023\/07\/mark-olsen-XZzpFiSzZGk-unsplash-e1688751726914-600x347.jpg 600w\" sizes=\"auto, (max-width: 1087px) 100vw, 1087px\" title=\"Bestattungsarten\" \/>                                                <\/div>\n\n                            <div class=\"banner-content\">\n                    <div class=\"inner\">\n                        <div class=\"headline-wrapper\">\n<div id=\"moduleWrapper221\" class=\"module-wrapper Text_Text row\">\n<div class=\"col-xs-12\">\n<div class=\"module-content-block\">\n<div class=\"headline-wrapper\">\n<div class=\"headline-wrapper\">\n<div class=\"headline-wrapper\">\n<h2 id=\"see\" class=\"headline2\">Seebestattung<\/h2>\n<\/div>\n<div class=\"text-wrapper\">\n<p>Auch im Falle einer Seebestattung wird die Asche des Verstorbenen zun\u00e4chst in eine Urne gef\u00fcllt. In Anwesenheit der Trauerg\u00e4ste wird diese wasserl\u00f6sliche Urne auf hoher See von einem Schiff aus dem Meer \u00fcbergeben.<\/p>\n<\/div>\n<\/div>\n<\/div>\n<\/div>\n<\/div>\n<\/div>\n<\/div>\n                    <\/div>\n                <\/div>\n                    <\/div>\n    <\/div>\n<\/div>\n\n\n\n<div id=\"block-main-banner-block_f18d898d6179f1a4e462931ec9cdb818\" class=\"block-main-banner\">\n    <div class=\"container\">\n        <div class=\"banner-wrap layout2 content_right content_top\">\n            <div class=\"banner-image\">\n                                                            <img loading=\"lazy\" decoding=\"async\" width=\"1339\" height=\"831\" src=\"https:\/\/shop.sereni.de\/app\/uploads\/sites\/17\/2023\/07\/irina-iriser-2Y4dE8sdhlc-unsplash-e1688751883394.jpg\" class=\"attachment-full-stretched size-full-stretched\" alt=\"Bestattungsarten\" srcset=\"https:\/\/shop.sereni.de\/app\/uploads\/sites\/17\/2023\/07\/irina-iriser-2Y4dE8sdhlc-unsplash-e1688751883394.jpg 1339w, https:\/\/shop.sereni.de\/app\/uploads\/sites\/17\/2023\/07\/irina-iriser-2Y4dE8sdhlc-unsplash-e1688751883394-300x186.jpg 300w, https:\/\/shop.sereni.de\/app\/uploads\/sites\/17\/2023\/07\/irina-iriser-2Y4dE8sdhlc-unsplash-e1688751883394-1024x636.jpg 1024w, https:\/\/shop.sereni.de\/app\/uploads\/sites\/17\/2023\/07\/irina-iriser-2Y4dE8sdhlc-unsplash-e1688751883394-483x300.jpg 483w, https:\/\/shop.sereni.de\/app\/uploads\/sites\/17\/2023\/07\/irina-iriser-2Y4dE8sdhlc-unsplash-e1688751883394-1300x807.jpg 1300w, https:\/\/shop.sereni.de\/app\/uploads\/sites\/17\/2023\/07\/irina-iriser-2Y4dE8sdhlc-unsplash-e1688751883394-600x372.jpg 600w\" sizes=\"auto, (max-width: 1339px) 100vw, 1339px\" title=\"Bestattungsarten\" \/>                                                <\/div>\n\n                            <div class=\"banner-content\">\n                    <div class=\"inner\">\n                        <div class=\"headline-wrapper\">\n<div id=\"moduleWrapper221\" class=\"module-wrapper Text_Text row\">\n<div class=\"col-xs-12\">\n<div class=\"module-content-block\">\n<div class=\"headline-wrapper\">\n<h2 id=\"baum\" class=\"headline2\">Baumbestattung, FRIEDWALD\u00ae und RUHEFORST\u00ae<\/h2>\n<\/div>\n<div class=\"text-wrapper\">\n<p><span style=\"font-size: 1.125rem\">.Sie gilt als Sonderform der Urnenbeisetzung. Auf dem Waldfriedhof in Bad Honnef-Rh\u00f6ndorf und auf dem Neuen Friedhof ist diese alternative Bestattungsform m\u00f6glich.* Dabei wird die Asche des Verstorbenen am Fu\u00df eines Baumes beigesetzt. Naturverbundenen Menschen ist diese Bestattungsform nah, die Grabpflege \u00fcbernimmt die Natur selbst. Dar\u00fcber hinaus k\u00f6nnen Baumbestattungen \u00fcber die Unternehmen FriedWald\u00ae \u00a0und RuheForst\u00ae \u00a0durchgef\u00fchrt werden. Hierf\u00fcr stehen bundesweit ausgesuchte Waldst\u00fccke zur Verf\u00fcgung.<\/span><\/p>\n<\/div>\n<\/div>\n<\/div>\n<\/div>\n<div id=\"moduleWrapper222\" class=\"module-wrapper Text_Text row\">\n<div class=\"col-xs-12\">\n<div class=\"module-content-block\">\n<div class=\"headline-wrapper\"><\/div>\n<\/div>\n<\/div>\n<\/div>\n<\/div>\n                    <\/div>\n                <\/div>\n                    <\/div>\n    <\/div>\n<\/div>\n\n\n\n<div id=\"block-main-banner-block_b62acd154bf32cc4d771f03b6f2f6a23\" class=\"block-main-banner\">\n    <div class=\"container\">\n        <div class=\"banner-wrap layout2 content_left content_top\">\n            <div class=\"banner-image\">\n                                                            <img loading=\"lazy\" decoding=\"async\" width=\"900\" height=\"578\" src=\"https:\/\/shop.sereni.de\/app\/uploads\/sites\/17\/2023\/07\/evie-s-dcniOOqByj0-unsplash.jpg\" class=\"attachment-full-stretched size-full-stretched\" alt=\"Bestattungsarten\" srcset=\"https:\/\/shop.sereni.de\/app\/uploads\/sites\/17\/2023\/07\/evie-s-dcniOOqByj0-unsplash.jpg 900w, https:\/\/shop.sereni.de\/app\/uploads\/sites\/17\/2023\/07\/evie-s-dcniOOqByj0-unsplash-300x193.jpg 300w, https:\/\/shop.sereni.de\/app\/uploads\/sites\/17\/2023\/07\/evie-s-dcniOOqByj0-unsplash-467x300.jpg 467w, https:\/\/shop.sereni.de\/app\/uploads\/sites\/17\/2023\/07\/evie-s-dcniOOqByj0-unsplash-600x385.jpg 600w\" sizes=\"auto, (max-width: 900px) 100vw, 900px\" title=\"Bestattungsarten\" \/>                                                <\/div>\n\n                            <div class=\"banner-content\">\n                    <div class=\"inner\">\n                        <div class=\"headline-wrapper\">\n<div id=\"moduleWrapper221\" class=\"module-wrapper Text_Text row\">\n<div class=\"col-xs-12\">\n<div class=\"module-content-block\">\n<div class=\"headline-wrapper\">\n<h2 id=\"dia\" class=\"headline2\">Diamantenbestattung<\/h2>\n<\/div>\n<div class=\"text-wrapper\">\n<p>Aus einem kleinen Teil der Asche wird ein synthetischer Diamant gefertigt, der als Schmuckst\u00fcck verarbeitet werden kann. Der Hauptteil der Asche wird nach Wunsch beigesetzt.<\/p>\n<\/div>\n<\/div>\n<\/div>\n<\/div>\n<div id=\"moduleWrapper222\" class=\"module-wrapper Text_Text row\">\n<div class=\"col-xs-12\">\n<div class=\"module-content-block\">\n<div class=\"headline-wrapper\"><\/div>\n<\/div>\n<\/div>\n<\/div>\n<\/div>\n                    <\/div>\n                <\/div>\n                    <\/div>\n    <\/div>\n<\/div>\n\n\n\n<div id=\"block-main-banner-block_41d3bb4f313ddc4b07a1b3b8067e9a15\" class=\"block-main-banner\">\n    <div class=\"container\">\n        <div class=\"banner-wrap layout2 content_right content_top\">\n            <div class=\"banner-image\">\n                                                            <img loading=\"lazy\" decoding=\"async\" width=\"1346\" height=\"807\" src=\"https:\/\/shop.sereni.de\/app\/uploads\/sites\/17\/2023\/07\/Luftbestattung-e1688980906200.jpg\" class=\"attachment-full-stretched size-full-stretched\" alt=\"Bestattungsarten\" srcset=\"https:\/\/shop.sereni.de\/app\/uploads\/sites\/17\/2023\/07\/Luftbestattung-e1688980906200.jpg 1346w, https:\/\/shop.sereni.de\/app\/uploads\/sites\/17\/2023\/07\/Luftbestattung-e1688980906200-300x180.jpg 300w, https:\/\/shop.sereni.de\/app\/uploads\/sites\/17\/2023\/07\/Luftbestattung-e1688980906200-1024x614.jpg 1024w, https:\/\/shop.sereni.de\/app\/uploads\/sites\/17\/2023\/07\/Luftbestattung-e1688980906200-500x300.jpg 500w, https:\/\/shop.sereni.de\/app\/uploads\/sites\/17\/2023\/07\/Luftbestattung-e1688980906200-1300x779.jpg 1300w, https:\/\/shop.sereni.de\/app\/uploads\/sites\/17\/2023\/07\/Luftbestattung-e1688980906200-600x360.jpg 600w\" sizes=\"auto, (max-width: 1346px) 100vw, 1346px\" title=\"Bestattungsarten\" \/>                                                <\/div>\n\n                            <div class=\"banner-content\">\n                    <div class=\"inner\">\n                        <div class=\"headline-wrapper\">\n<div id=\"moduleWrapper221\" class=\"module-wrapper Text_Text row\">\n<div class=\"col-xs-12\">\n<div class=\"module-content-block\">\n<div class=\"headline-wrapper\">\n<h2 id=\"luft\" class=\"headline2\">Luftbestattung<\/h2>\n<\/div>\n<div class=\"text-wrapper\">\n<p>Die Luftbestattung erm\u00f6glicht es, die Asche eines Verstorbenen auf sanfte und zugleich eindrucksvolle Weise in den Himmel aufsteigen zu lassen.<\/p>\n<p>Diese Form der Bestattung kann entweder mit dem Flugzeug oder einem Hei\u00dfluftballon durchgef\u00fchrt werden.<\/p>\n<p>Mit einem Flugzeug kann die Asche des Verstorbenen in einer Herzform in den Himmel verstreut werden. Die Hei\u00dfluftballon-Bestattung hingegen schafft eine ruhige und friedliche Atmosph\u00e4re. Der Ballon steigt langsam in den Himmel auf und l\u00e4sst die Asche behutsam frei.<\/p>\n<\/div>\n<\/div>\n<\/div>\n<\/div>\n<div id=\"moduleWrapper222\" class=\"module-wrapper Text_Text row\">\n<div class=\"col-xs-12\">\n<div class=\"module-content-block\">\n<div class=\"headline-wrapper\"><\/div>\n<\/div>\n<\/div>\n<\/div>\n<\/div>\n                    <\/div>\n                <\/div>\n                    <\/div>\n    <\/div>\n<\/div>\n","protected":false},"excerpt":{"rendered":"","protected":false},"author":2332,"featured_media":0,"parent":0,"menu_order":0,"comment_status":"closed","ping_status":"closed","template":"","meta":{"_acf_changed":false,"footnotes":""},"class_list":["post-2274","page","type-page","status-publish","hentry"],"acf":[],"yoast_head":"<!-- This site is optimized with the Yoast SEO plugin v25.8 - https:\/\/yoast.com\/wordpress\/plugins\/seo\/ -->\n<title>Bestattungsarten - Mueller<\/title>\n<meta name=\"robots\" content=\"index, follow, max-snippet:-1, max-image-preview:large, max-video-preview:-1\" \/>\n<link rel=\"canonical\" href=\"https:\/\/mueller.sereni-de.baldwin.be\/de\/bestattungsarten\/\" \/>\n<meta property=\"og:locale\" content=\"de_DE\" \/>\n<meta property=\"og:type\" content=\"article\" \/>\n<meta property=\"og:title\" content=\"Bestattungsarten - Mueller\" \/>\n<meta property=\"og:url\" content=\"https:\/\/mueller.sereni-de.baldwin.be\/de\/bestattungsarten\/\" \/>\n<meta property=\"og:site_name\" content=\"Mueller\" \/>\n<meta property=\"article:modified_time\" content=\"2023-07-10T10:17:27+00:00\" \/>\n<meta name=\"twitter:card\" content=\"summary_large_image\" \/>\n<script type=\"application\/ld+json\" class=\"yoast-schema-graph\">{\"@context\":\"https:\/\/schema.org\",\"@graph\":[{\"@type\":\"WebPage\",\"@id\":\"https:\/\/mueller.sereni-de.baldwin.be\/de\/bestattungsarten\/\",\"url\":\"https:\/\/mueller.sereni-de.baldwin.be\/de\/bestattungsarten\/\",\"name\":\"Bestattungsarten - Mueller\",\"isPartOf\":{\"@id\":\"https:\/\/mueller.sereni-de.baldwin.be\/de\/#website\"},\"datePublished\":\"2023-07-07T17:19:01+00:00\",\"dateModified\":\"2023-07-10T10:17:27+00:00\",\"inLanguage\":\"de-DE\",\"potentialAction\":[{\"@type\":\"ReadAction\",\"target\":[\"https:\/\/mueller.sereni-de.baldwin.be\/de\/bestattungsarten\/\"]}]},{\"@type\":\"WebSite\",\"@id\":\"https:\/\/mueller.sereni-de.baldwin.be\/de\/#website\",\"url\":\"https:\/\/mueller.sereni-de.baldwin.be\/de\/\",\"name\":\"Mueller\",\"description\":\"Just another Sereni Sites site\",\"potentialAction\":[{\"@type\":\"SearchAction\",\"target\":{\"@type\":\"EntryPoint\",\"urlTemplate\":\"https:\/\/mueller.sereni-de.baldwin.be\/de\/?s={search_term_string}\"},\"query-input\":{\"@type\":\"PropertyValueSpecification\",\"valueRequired\":true,\"valueName\":\"search_term_string\"}}],\"inLanguage\":\"de-DE\"}]}<\/script>\n<!-- \/ Yoast SEO plugin. -->","yoast_head_json":{"title":"Bestattungsarten - Mueller","robots":{"index":"index","follow":"follow","max-snippet":"max-snippet:-1","max-image-preview":"max-image-preview:large","max-video-preview":"max-video-preview:-1"},"canonical":"https:\/\/mueller.sereni-de.baldwin.be\/de\/bestattungsarten\/","og_locale":"de_DE","og_type":"article","og_title":"Bestattungsarten - Mueller","og_url":"https:\/\/mueller.sereni-de.baldwin.be\/de\/bestattungsarten\/","og_site_name":"Mueller","article_modified_time":"2023-07-10T10:17:27+00:00","twitter_card":"summary_large_image","schema":{"@context":"https:\/\/schema.org","@graph":[{"@type":"WebPage","@id":"https:\/\/mueller.sereni-de.baldwin.be\/de\/bestattungsarten\/","url":"https:\/\/mueller.sereni-de.baldwin.be\/de\/bestattungsarten\/","name":"Bestattungsarten - Mueller","isPartOf":{"@id":"https:\/\/mueller.sereni-de.baldwin.be\/de\/#website"},"datePublished":"2023-07-07T17:19:01+00:00","dateModified":"2023-07-10T10:17:27+00:00","inLanguage":"de-DE","potentialAction":[{"@type":"ReadAction","target":["https:\/\/mueller.sereni-de.baldwin.be\/de\/bestattungsarten\/"]}]},{"@type":"WebSite","@id":"https:\/\/mueller.sereni-de.baldwin.be\/de\/#website","url":"https:\/\/mueller.sereni-de.baldwin.be\/de\/","name":"Mueller","description":"Just another Sereni Sites site","potentialAction":[{"@type":"SearchAction","target":{"@type":"EntryPoint","urlTemplate":"https:\/\/mueller.sereni-de.baldwin.be\/de\/?s={search_term_string}"},"query-input":{"@type":"PropertyValueSpecification","valueRequired":true,"valueName":"search_term_string"}}],"inLanguage":"de-DE"}]}},"_links":{"self":[{"href":"https:\/\/mueller.sereni-de.baldwin.be\/de\/wp-json\/wp\/v2\/pages\/2274","targetHints":{"allow":["GET"]}}],"collection":[{"href":"https:\/\/mueller.sereni-de.baldwin.be\/de\/wp-json\/wp\/v2\/pages"}],"about":[{"href":"https:\/\/mueller.sereni-de.baldwin.be\/de\/wp-json\/wp\/v2\/types\/page"}],"author":[{"embeddable":true,"href":"https:\/\/mueller.sereni-de.baldwin.be\/de\/wp-json\/wp\/v2\/users\/2332"}],"replies":[{"embeddable":true,"href":"https:\/\/mueller.sereni-de.baldwin.be\/de\/wp-json\/wp\/v2\/comments?post=2274"}],"version-history":[{"count":141,"href":"https:\/\/mueller.sereni-de.baldwin.be\/de\/wp-json\/wp\/v2\/pages\/2274\/revisions"}],"predecessor-version":[{"id":2486,"href":"https:\/\/mueller.sereni-de.baldwin.be\/de\/wp-json\/wp\/v2\/pages\/2274\/revisions\/2486"}],"wp:attachment":[{"href":"https:\/\/mueller.sereni-de.baldwin.be\/de\/wp-json\/wp\/v2\/media?parent=2274"}],"curies":[{"name":"wp","href":"https:\/\/api.w.org\/{rel}","templated":true}]}}