{"id":19,"date":"2022-10-06T11:08:27","date_gmt":"2022-10-06T11:08:27","guid":{"rendered":"https:\/\/mueller.sereni-de.baldwin.be\/?page_id=19"},"modified":"2023-07-10T10:27:26","modified_gmt":"2023-07-10T10:27:26","slug":"bestattungen-lueb","status":"publish","type":"page","link":"https:\/\/mueller.sereni-de.baldwin.be\/de\/","title":{"rendered":"Home"},"content":{"rendered":"\n<div id=\"block-main-banner-block_8e96739bc23a17aa71df28274cd809f7\" class=\"block-main-banner\">\n    <div class=\"container\">\n        <div class=\"banner-wrap layout2 content_left content_top\">\n            <div class=\"banner-image\">\n                                                            <img loading=\"lazy\" decoding=\"async\" width=\"1200\" height=\"780\" src=\"https:\/\/shop.sereni.de\/app\/uploads\/sites\/17\/2023\/06\/Home_Lueb-e1686312977192.jpg\" class=\"attachment-full-stretched size-full-stretched\" alt=\"Home\" srcset=\"https:\/\/shop.sereni.de\/app\/uploads\/sites\/17\/2023\/06\/Home_Lueb-e1686312977192.jpg 1200w, https:\/\/shop.sereni.de\/app\/uploads\/sites\/17\/2023\/06\/Home_Lueb-e1686312977192-300x195.jpg 300w, https:\/\/shop.sereni.de\/app\/uploads\/sites\/17\/2023\/06\/Home_Lueb-e1686312977192-1024x666.jpg 1024w, https:\/\/shop.sereni.de\/app\/uploads\/sites\/17\/2023\/06\/Home_Lueb-e1686312977192-462x300.jpg 462w, https:\/\/shop.sereni.de\/app\/uploads\/sites\/17\/2023\/06\/Home_Lueb-e1686312977192-600x390.jpg 600w\" sizes=\"auto, (max-width: 1200px) 100vw, 1200px\" title=\"Home\" \/>                                                <\/div>\n\n                            <div class=\"banner-content\">\n                    <div class=\"inner\">\n                        <h2><span style=\"color: #000000\"><strong>Ihr Bestattungshaus in Bocholt<\/strong><\/span><\/h2>\n<div class=\"headline-wrapper\">\n<h3 class=\"headline1\">Willkommen bei Bestattungen Lueb &#8211; <span style=\"letter-spacing: 0px\">Familienunternehmen seit 1951<\/span><\/h3>\n<\/div>\n<div class=\"text-wrapper\">\n<p>Der letzte Weg in guten H\u00e4nden. Die Bestattung ist Teil des Lebens, denn sie wird von den Lebenden geplant, gestaltet, organisiert und ausgerichtet. Selbst die eigene Bestattung ist Teil unseres Lebens, denn jeder Mensch hat eine individuelle Vorstellung von seiner Bestattung.<\/p>\n<\/div>\n<p><span style=\"color: #ffffff\"><a class=\"btn btn-primary\" style=\"color: #ffffff\" href=\"https:\/\/mueller.sereni-de.baldwin.be\/de\/uber-uns\/\">\u00dcber uns<\/a> \u00a0\u00a0 \u00a0\u00a0<\/span><a class=\"btn btn-primary\" href=\"https:\/\/mueller.sereni-de.baldwin.be\/de\/kontakt\/\"><span style=\"color: #ffffff\">Kontakt<\/span> <\/a><\/p>\n                    <\/div>\n                <\/div>\n                    <\/div>\n    <\/div>\n<\/div>\n\n\n<div id=\"block-variable-content-list-block_7c2f2e390a33e4701e0ee5af277be8d7\" class=\"block-variable-content-list alt_1\">\n    <div class=\"container\">\n        <div class=\"widget-wrap per_row_2\">\n                        <div class=\"block-content\">\n                                                                                    <div class=\"element\">\n                                                            \n                                \n                                                                    <div class=\"content-wrap\">\n                                        <h3><strong>Im Trauerfall<br \/>\nWas ist sofort zu tun?<\/strong><\/h3>\n<h3><strong>Zwei Anrufe gen\u00fcgen<\/strong><\/h3>\n<ul>\n<li><strong>Rufen Sie den Hausarzt oder den \u00e4rztlichen Notdienst<\/strong>, der eine Todesbescheinigung ausstellt.<\/li>\n<li><strong>Verst\u00e4ndigen Sie uns als Bestatter Ihrer Wahl<\/strong>, der Sie bei allen weiteren Schritten unterst\u00fctzt.<\/li>\n<\/ul>\n<p>Sie erreichen uns <strong>Tag und Nacht<\/strong> pers\u00f6nlich unter der Telefonnummer:<\/p>\n<h3><a class=\"btn btn-primary\" href=\"https:\/\/mueller.sereni-de.baldwin.be\/de\/kontakt\/\"><strong>\u00a0 028 71 \u2013 60 51<\/strong><\/a><\/h3>\n                                    <\/div>\n                                                                                    <\/div>\n                                                                    <div class=\"element\">\n                                                            \n                                                                    <div class=\"image-wrap\">\n                                                                                    <img loading=\"lazy\" decoding=\"async\" width=\"1024\" height=\"815\" src=\"https:\/\/shop.sereni.de\/app\/uploads\/sites\/17\/2023\/06\/Hand_Blume-1024x815.jpg\" class=\"attachment-large size-large\" alt=\"Home\" srcset=\"https:\/\/shop.sereni.de\/app\/uploads\/sites\/17\/2023\/06\/Hand_Blume-1024x815.jpg 1024w, https:\/\/shop.sereni.de\/app\/uploads\/sites\/17\/2023\/06\/Hand_Blume-300x239.jpg 300w, https:\/\/shop.sereni.de\/app\/uploads\/sites\/17\/2023\/06\/Hand_Blume-377x300.jpg 377w, https:\/\/shop.sereni.de\/app\/uploads\/sites\/17\/2023\/06\/Hand_Blume-600x478.jpg 600w, https:\/\/shop.sereni.de\/app\/uploads\/sites\/17\/2023\/06\/Hand_Blume.jpg 1200w\" sizes=\"auto, (max-width: 1024px) 100vw, 1024px\" title=\"Home\" \/>                                                                            <\/div>\n                                \n                                                                                    <\/div>\n                                                <\/div>\n        <\/div>\n    <\/div>\n<\/div>\n\n\n<div id=\"block-variable-content-list-block_253fb4a6845547009075333ada8d7105\" class=\"block-variable-content-list alt_1\">\n    <div class=\"container\">\n        <div class=\"widget-wrap per_row_2\">\n                        <div class=\"block-content\">\n                                                                                    <div class=\"element\">\n                                                            \n                                                                    <div class=\"image-wrap\">\n                                                                                    <img loading=\"lazy\" decoding=\"async\" width=\"660\" height=\"450\" src=\"https:\/\/shop.sereni.de\/app\/uploads\/sites\/17\/2023\/06\/Mappe_Lueb-1.jpg\" class=\"attachment-large size-large\" alt=\"Home\" srcset=\"https:\/\/shop.sereni.de\/app\/uploads\/sites\/17\/2023\/06\/Mappe_Lueb-1.jpg 660w, https:\/\/shop.sereni.de\/app\/uploads\/sites\/17\/2023\/06\/Mappe_Lueb-1-300x205.jpg 300w, https:\/\/shop.sereni.de\/app\/uploads\/sites\/17\/2023\/06\/Mappe_Lueb-1-440x300.jpg 440w, https:\/\/shop.sereni.de\/app\/uploads\/sites\/17\/2023\/06\/Mappe_Lueb-1-600x409.jpg 600w\" sizes=\"auto, (max-width: 660px) 100vw, 660px\" title=\"Home\" \/>                                                                            <\/div>\n                                \n                                                                                    <\/div>\n                                                                    <div class=\"element\">\n                                                            \n                                \n                                                                    <div class=\"content-wrap\">\n                                        <h2><strong>Unsere Leistungen f\u00fcr Sie:<\/strong><\/h2>\n<ul>\n<li><span class=\"type-j\"><strong>Ausf\u00fchrliche, kostenlose Beratung zur Bestattungsvorsorge<\/strong><\/span><\/li>\n<li><span class=\"type-j\"><strong>\u00dcberf\u00fchrung und Versorgung des Verstorbenen<\/strong><\/span><\/li>\n<li><span class=\"type-j\"><strong>Entlastung Ihrer Angeh\u00f6rigen bei allen Formalit\u00e4ten<\/strong><\/span><\/li>\n<li><span class=\"type-j\"><strong>Wunschgerechte Durchf\u00fchrung der Trauerfeier und Bestattung<\/strong><\/span><\/li>\n<li><span class=\"type-j\"><strong>Professioneller Trauerdruck<br \/>\n<\/strong><\/span><\/li>\n<\/ul>\n<p><a class=\"btn btn-primary\" href=\"https:\/\/mueller.sereni-de.baldwin.be\/de\/organisieren-sie-eine-beerdigung\/administrative-unterstuetzung\/\">Mehr erfahren<\/a><\/p>\n                                    <\/div>\n                                                                                    <\/div>\n                                                <\/div>\n        <\/div>\n    <\/div>\n<\/div>\n\n\n<div id=\"block-variable-content-list-block_9a6a81f98738537a443d3027e8f5c4cc\" class=\"block-variable-content-list alt_1\">\n    <div class=\"container\">\n        <div class=\"widget-wrap per_row_2\">\n                        <div class=\"block-content\">\n                                                                                    <div class=\"element\">\n                                                            \n                                \n                                                                    <div class=\"content-wrap\">\n                                        <h2><strong>Trauer verbindet.<\/strong><\/h2>\n<p><span class=\"type-j\">Bewusst Abschied zu nehmen ist der Einstieg in die Trauerarbeit, ein wichtiger erster Schritt, den Tod zu akzeptieren. Wie Sie diese Abschiednahme gestalten m\u00f6chten, entscheiden Sie nach Ihrem pers\u00f6nlichen Empfinden. Vor der Trauerfeier geben wir Ihnen die Gelegenheit zu einem letzten Beisammensein mit dem Verstorbenen am offenen oder geschlossenen Sarg oder im Rahmen einer Urnen-Aufbahrung in der Trauerhalle.<\/span><\/p>\n<p><span class=\"type-j\"><strong>Mut zu einem besonderen Schritt.<\/strong><\/span><\/p>\n<p><span class=\"type-j\">Aus Erfahrung wissen wir, dass es f\u00fcr Hinterbliebene ein wichtiger Schritt in der Trauerbew\u00e4ltigung sein kann, aktiv an der Versorgung, Einkleidung und Einbettung des Verstorbenen mitzuwirken. Wir m\u00f6chten Sie ausdr\u00fccklich zu dieser Form der Abschiednahme ermutigen. Alle Aufgaben, die Sie sich zutrauen, d\u00fcrfen Sie auch selbst \u00fcbernehmen. Wir assistieren, wo und wann Sie uns brauchen.<\/span><\/p>\n<p><span class=\"type-j\"><strong>Das letzte gemeinsame Fest.<\/strong><\/span><\/p>\n<p><span class=\"type-j\">Jeder Verstorbene sollte ein Begr\u00e4bnis erhalten, das seiner Pers\u00f6nlichkeit gerecht wird, sein Leben in Erinnerung ruft, seine Einzigartigkeit hervorhebt. Wir besprechen mit Ihnen, wie sich die Zeremonie individuell gestalten l\u00e4sst, und ermuntern Sie, eigene kreative Ideen einzubringen. Wir freuen uns, wenn wir Ihnen au\u00dfergew\u00f6hnliche W\u00fcnsche erf\u00fcllen und so einen Verstorbenen auf besondere Weise ehren d\u00fcrfen.<\/span><\/p>\n<p><a class=\"btn btn-primary\" href=\"https:\/\/mueller.sereni-de.baldwin.be\/de\/kontakt\/\">Kontaktieren Sie uns<\/a><\/p>\n                                    <\/div>\n                                                                                    <\/div>\n                                                                    <div class=\"element\">\n                                                            \n                                                                    <div class=\"image-wrap\">\n                                                                                    <img loading=\"lazy\" decoding=\"async\" width=\"731\" height=\"1024\" src=\"https:\/\/shop.sereni.de\/app\/uploads\/sites\/17\/2023\/07\/Engel-731x1024.jpg\" class=\"attachment-large size-large\" alt=\"Home\" srcset=\"https:\/\/shop.sereni.de\/app\/uploads\/sites\/17\/2023\/07\/Engel-731x1024.jpg 731w, https:\/\/shop.sereni.de\/app\/uploads\/sites\/17\/2023\/07\/Engel-214x300.jpg 214w, https:\/\/shop.sereni.de\/app\/uploads\/sites\/17\/2023\/07\/Engel-929x1300.jpg 929w, https:\/\/shop.sereni.de\/app\/uploads\/sites\/17\/2023\/07\/Engel-1029x1440.jpg 1029w, https:\/\/shop.sereni.de\/app\/uploads\/sites\/17\/2023\/07\/Engel-429x600.jpg 429w, https:\/\/shop.sereni.de\/app\/uploads\/sites\/17\/2023\/07\/Engel.jpg 1440w\" sizes=\"auto, (max-width: 731px) 100vw, 731px\" title=\"Home\" \/>                                                                            <\/div>\n                                \n                                                                                    <\/div>\n                                                <\/div>\n        <\/div>\n    <\/div>\n<\/div>\n","protected":false},"excerpt":{"rendered":"","protected":false},"author":1,"featured_media":0,"parent":0,"menu_order":0,"comment_status":"closed","ping_status":"closed","template":"","meta":{"_acf_changed":false,"footnotes":""},"class_list":["post-19","page","type-page","status-publish","hentry"],"acf":[],"yoast_head":"<!-- This site is optimized with the Yoast SEO plugin v25.8 - https:\/\/yoast.com\/wordpress\/plugins\/seo\/ -->\n<title>Bestattungen Lueb<\/title>\n<meta name=\"description\" content=\"Ihr Bestattungshaus in Bocholt. Willkommen bei Bestattungen Lueb - Familienunternehmen seit 1951. Wir sind jederzeit f\u00fcr Sie da.\" \/>\n<meta name=\"robots\" content=\"index, follow, max-snippet:-1, max-image-preview:large, max-video-preview:-1\" \/>\n<link rel=\"canonical\" href=\"https:\/\/mueller.sereni-de.baldwin.be\/de\/\" \/>\n<meta property=\"og:locale\" content=\"de_DE\" \/>\n<meta property=\"og:type\" content=\"article\" \/>\n<meta property=\"og:title\" content=\"Bestattungen Lueb\" \/>\n<meta property=\"og:description\" content=\"Ihr Bestattungshaus in Bocholt. Willkommen bei Bestattungen Lueb - Familienunternehmen seit 1951. Wir sind jederzeit f\u00fcr Sie da.\" \/>\n<meta property=\"og:url\" content=\"https:\/\/mueller.sereni-de.baldwin.be\/de\/\" \/>\n<meta property=\"og:site_name\" content=\"Mueller\" \/>\n<meta property=\"article:modified_time\" content=\"2023-07-10T10:27:26+00:00\" \/>\n<meta name=\"twitter:card\" content=\"summary_large_image\" \/>\n<script type=\"application\/ld+json\" class=\"yoast-schema-graph\">{\"@context\":\"https:\/\/schema.org\",\"@graph\":[{\"@type\":\"WebPage\",\"@id\":\"https:\/\/mueller.sereni-de.baldwin.be\/de\/\",\"url\":\"https:\/\/mueller.sereni-de.baldwin.be\/de\/\",\"name\":\"Bestattungen Lueb\",\"isPartOf\":{\"@id\":\"https:\/\/mueller.sereni-de.baldwin.be\/de\/#website\"},\"datePublished\":\"2022-10-06T11:08:27+00:00\",\"dateModified\":\"2023-07-10T10:27:26+00:00\",\"description\":\"Ihr Bestattungshaus in Bocholt. Willkommen bei Bestattungen Lueb - Familienunternehmen seit 1951. Wir sind jederzeit f\u00fcr Sie da.\",\"inLanguage\":\"de-DE\",\"potentialAction\":[{\"@type\":\"ReadAction\",\"target\":[\"https:\/\/mueller.sereni-de.baldwin.be\/de\/\"]}]},{\"@type\":\"WebSite\",\"@id\":\"https:\/\/mueller.sereni-de.baldwin.be\/de\/#website\",\"url\":\"https:\/\/mueller.sereni-de.baldwin.be\/de\/\",\"name\":\"Mueller\",\"description\":\"Just another Sereni Sites site\",\"potentialAction\":[{\"@type\":\"SearchAction\",\"target\":{\"@type\":\"EntryPoint\",\"urlTemplate\":\"https:\/\/mueller.sereni-de.baldwin.be\/de\/?s={search_term_string}\"},\"query-input\":{\"@type\":\"PropertyValueSpecification\",\"valueRequired\":true,\"valueName\":\"search_term_string\"}}],\"inLanguage\":\"de-DE\"}]}<\/script>\n<!-- \/ Yoast SEO plugin. -->","yoast_head_json":{"title":"Bestattungen Lueb","description":"Ihr Bestattungshaus in Bocholt. Willkommen bei Bestattungen Lueb - Familienunternehmen seit 1951. Wir sind jederzeit f\u00fcr Sie da.","robots":{"index":"index","follow":"follow","max-snippet":"max-snippet:-1","max-image-preview":"max-image-preview:large","max-video-preview":"max-video-preview:-1"},"canonical":"https:\/\/mueller.sereni-de.baldwin.be\/de\/","og_locale":"de_DE","og_type":"article","og_title":"Bestattungen Lueb","og_description":"Ihr Bestattungshaus in Bocholt. Willkommen bei Bestattungen Lueb - Familienunternehmen seit 1951. Wir sind jederzeit f\u00fcr Sie da.","og_url":"https:\/\/mueller.sereni-de.baldwin.be\/de\/","og_site_name":"Mueller","article_modified_time":"2023-07-10T10:27:26+00:00","twitter_card":"summary_large_image","schema":{"@context":"https:\/\/schema.org","@graph":[{"@type":"WebPage","@id":"https:\/\/mueller.sereni-de.baldwin.be\/de\/","url":"https:\/\/mueller.sereni-de.baldwin.be\/de\/","name":"Bestattungen Lueb","isPartOf":{"@id":"https:\/\/mueller.sereni-de.baldwin.be\/de\/#website"},"datePublished":"2022-10-06T11:08:27+00:00","dateModified":"2023-07-10T10:27:26+00:00","description":"Ihr Bestattungshaus in Bocholt. Willkommen bei Bestattungen Lueb - Familienunternehmen seit 1951. Wir sind jederzeit f\u00fcr Sie da.","inLanguage":"de-DE","potentialAction":[{"@type":"ReadAction","target":["https:\/\/mueller.sereni-de.baldwin.be\/de\/"]}]},{"@type":"WebSite","@id":"https:\/\/mueller.sereni-de.baldwin.be\/de\/#website","url":"https:\/\/mueller.sereni-de.baldwin.be\/de\/","name":"Mueller","description":"Just another Sereni Sites site","potentialAction":[{"@type":"SearchAction","target":{"@type":"EntryPoint","urlTemplate":"https:\/\/mueller.sereni-de.baldwin.be\/de\/?s={search_term_string}"},"query-input":{"@type":"PropertyValueSpecification","valueRequired":true,"valueName":"search_term_string"}}],"inLanguage":"de-DE"}]}},"_links":{"self":[{"href":"https:\/\/mueller.sereni-de.baldwin.be\/de\/wp-json\/wp\/v2\/pages\/19","targetHints":{"allow":["GET"]}}],"collection":[{"href":"https:\/\/mueller.sereni-de.baldwin.be\/de\/wp-json\/wp\/v2\/pages"}],"about":[{"href":"https:\/\/mueller.sereni-de.baldwin.be\/de\/wp-json\/wp\/v2\/types\/page"}],"author":[{"embeddable":true,"href":"https:\/\/mueller.sereni-de.baldwin.be\/de\/wp-json\/wp\/v2\/users\/1"}],"replies":[{"embeddable":true,"href":"https:\/\/mueller.sereni-de.baldwin.be\/de\/wp-json\/wp\/v2\/comments?post=19"}],"version-history":[{"count":214,"href":"https:\/\/mueller.sereni-de.baldwin.be\/de\/wp-json\/wp\/v2\/pages\/19\/revisions"}],"predecessor-version":[{"id":2494,"href":"https:\/\/mueller.sereni-de.baldwin.be\/de\/wp-json\/wp\/v2\/pages\/19\/revisions\/2494"}],"wp:attachment":[{"href":"https:\/\/mueller.sereni-de.baldwin.be\/de\/wp-json\/wp\/v2\/media?parent=19"}],"curies":[{"name":"wp","href":"https:\/\/api.w.org\/{rel}","templated":true}]}}