{"id":1344,"date":"2022-12-21T06:43:03","date_gmt":"2022-12-21T06:43:03","guid":{"rendered":"https:\/\/mueller.sereni-de.baldwin.be\/?page_id=1344"},"modified":"2023-08-02T10:19:57","modified_gmt":"2023-08-02T10:19:57","slug":"fragen-antworten","status":"publish","type":"page","link":"https:\/\/mueller.sereni-de.baldwin.be\/de\/fragen-antworten\/","title":{"rendered":"Fragen &amp; Antworten"},"content":{"rendered":"\n<h4 class=\"wp-block-heading normal\">Erste Orientierungshilfen f\u00fcr Sie.<\/h4>\n\n\n\n<div id=\"block-main-banner-block_d77465e9adeaef21d61a36b6a4a78002\" class=\"block-main-banner\">\n    <div class=\"container\">\n        <div class=\"banner-wrap layout2 content_right content_bottom\">\n            <div class=\"banner-image\">\n                                                            <img loading=\"lazy\" decoding=\"async\" width=\"753\" height=\"500\" src=\"https:\/\/shop.sereni.de\/app\/uploads\/sites\/17\/2023\/06\/FAQ.jpg\" class=\"attachment-full-stretched size-full-stretched\" alt=\"Fragen &amp; Antworten\" srcset=\"https:\/\/shop.sereni.de\/app\/uploads\/sites\/17\/2023\/06\/FAQ.jpg 753w, https:\/\/shop.sereni.de\/app\/uploads\/sites\/17\/2023\/06\/FAQ-300x199.jpg 300w, https:\/\/shop.sereni.de\/app\/uploads\/sites\/17\/2023\/06\/FAQ-452x300.jpg 452w, https:\/\/shop.sereni.de\/app\/uploads\/sites\/17\/2023\/06\/FAQ-600x398.jpg 600w\" sizes=\"auto, (max-width: 753px) 100vw, 753px\" title=\"Fragen &amp; Antworten\" \/>                                                <\/div>\n\n                            <div class=\"banner-content\">\n                    <div class=\"inner\">\n                        <p>Rund um einen Trauerfall, rund um die Planung einer Beerdigung f\u00fchlen sich die meisten Menschen verunsichert und stellen sich viele Fragen.<\/p>\n<p>Auf einige besonders h\u00e4ufig gestellte Fragen zum Thema Bestattung geben wir Ihnen an dieser Stelle erste Antworten. Weiterf\u00fchrende Informationen und Hilfestellungen, die Ihre ganz konkrete Situation betreffen, geben wir Ihnen gerne im pers\u00f6nlichen Gespr\u00e4ch.<\/p>\n<p><a href=\"https:\/\/mueller.sereni-de.baldwin.be\/kontakt.html\">Schreiben Sie uns gerne eine Nachricht<\/a> oder rufen Sie uns an: <strong>028 71 &#8211; 60 51<\/strong><\/p>\n                    <\/div>\n                <\/div>\n                    <\/div>\n    <\/div>\n<\/div>\n\n\n<div id=\"block-faq-block_c91d7375ba0290a657c02e571c7c0f22\" class=\"block-faq\">\n        <\/div>\n\n\n<div id=\"block-faq-block_8a0057056e74b2b50e212f17fb1d7936\" class=\"block-faq\">\n        <\/div>\n\n\n<div id=\"block-faq-block_bc67070f8118fd75d9e17d8ffa32f025\" class=\"block-faq\">\n        <\/div>\n\n\n<div id=\"block-faq-block_fcb2cc2878ec1c1b323708cb57fbef4c\" class=\"block-faq\">\n        <\/div>\n\n\n<div id=\"block-faq-block_58de483f71bec04242327b30bf60d446\" class=\"block-faq\">\n        <\/div>\n\n\n<div id=\"block-faq-block_28af5b78c00850df098da8c455b506e6\" class=\"block-faq\">\n        <\/div>\n\n\n<div id=\"block-faq-block_c949dbb8cb98427f0e68c3a8970f0e8a\" class=\"block-faq\">\n        <\/div>\n","protected":false},"excerpt":{"rendered":"<p>Erste Orientierungshilfen f\u00fcr Sie.<\/p>\n","protected":false},"author":1,"featured_media":0,"parent":0,"menu_order":0,"comment_status":"closed","ping_status":"closed","template":"","meta":{"_acf_changed":false,"footnotes":""},"class_list":["post-1344","page","type-page","status-publish","hentry"],"acf":[],"yoast_head":"<!-- This site is optimized with the Yoast SEO plugin v25.8 - https:\/\/yoast.com\/wordpress\/plugins\/seo\/ -->\n<title>Fragen &amp; Antworten - Mueller<\/title>\n<meta name=\"robots\" content=\"index, follow, max-snippet:-1, max-image-preview:large, max-video-preview:-1\" \/>\n<link rel=\"canonical\" href=\"https:\/\/mueller.sereni-de.baldwin.be\/de\/fragen-antworten\/\" \/>\n<meta property=\"og:locale\" content=\"de_DE\" \/>\n<meta property=\"og:type\" content=\"article\" \/>\n<meta property=\"og:title\" content=\"Fragen &amp; Antworten - Mueller\" \/>\n<meta property=\"og:description\" content=\"Erste Orientierungshilfen f\u00fcr Sie.\" \/>\n<meta property=\"og:url\" content=\"https:\/\/mueller.sereni-de.baldwin.be\/de\/fragen-antworten\/\" \/>\n<meta property=\"og:site_name\" content=\"Mueller\" \/>\n<meta property=\"article:modified_time\" content=\"2023-08-02T10:19:57+00:00\" \/>\n<meta name=\"twitter:card\" content=\"summary_large_image\" \/>\n<meta name=\"twitter:label1\" content=\"Est. reading time\" \/>\n\t<meta name=\"twitter:data1\" content=\"1 minute\" \/>\n<script type=\"application\/ld+json\" class=\"yoast-schema-graph\">{\"@context\":\"https:\/\/schema.org\",\"@graph\":[{\"@type\":\"WebPage\",\"@id\":\"https:\/\/mueller.sereni-de.baldwin.be\/de\/fragen-antworten\/\",\"url\":\"https:\/\/mueller.sereni-de.baldwin.be\/de\/fragen-antworten\/\",\"name\":\"Fragen &amp; Antworten - Mueller\",\"isPartOf\":{\"@id\":\"https:\/\/mueller.sereni-de.baldwin.be\/de\/#website\"},\"datePublished\":\"2022-12-21T06:43:03+00:00\",\"dateModified\":\"2023-08-02T10:19:57+00:00\",\"inLanguage\":\"de-DE\",\"potentialAction\":[{\"@type\":\"ReadAction\",\"target\":[\"https:\/\/mueller.sereni-de.baldwin.be\/de\/fragen-antworten\/\"]}]},{\"@type\":\"WebSite\",\"@id\":\"https:\/\/mueller.sereni-de.baldwin.be\/de\/#website\",\"url\":\"https:\/\/mueller.sereni-de.baldwin.be\/de\/\",\"name\":\"Mueller\",\"description\":\"Just another Sereni Sites site\",\"potentialAction\":[{\"@type\":\"SearchAction\",\"target\":{\"@type\":\"EntryPoint\",\"urlTemplate\":\"https:\/\/mueller.sereni-de.baldwin.be\/de\/?s={search_term_string}\"},\"query-input\":{\"@type\":\"PropertyValueSpecification\",\"valueRequired\":true,\"valueName\":\"search_term_string\"}}],\"inLanguage\":\"de-DE\"}]}<\/script>\n<!-- \/ Yoast SEO plugin. -->","yoast_head_json":{"title":"Fragen &amp; Antworten - Mueller","robots":{"index":"index","follow":"follow","max-snippet":"max-snippet:-1","max-image-preview":"max-image-preview:large","max-video-preview":"max-video-preview:-1"},"canonical":"https:\/\/mueller.sereni-de.baldwin.be\/de\/fragen-antworten\/","og_locale":"de_DE","og_type":"article","og_title":"Fragen &amp; Antworten - Mueller","og_description":"Erste Orientierungshilfen f\u00fcr Sie.","og_url":"https:\/\/mueller.sereni-de.baldwin.be\/de\/fragen-antworten\/","og_site_name":"Mueller","article_modified_time":"2023-08-02T10:19:57+00:00","twitter_card":"summary_large_image","twitter_misc":{"Est. reading time":"1 minute"},"schema":{"@context":"https:\/\/schema.org","@graph":[{"@type":"WebPage","@id":"https:\/\/mueller.sereni-de.baldwin.be\/de\/fragen-antworten\/","url":"https:\/\/mueller.sereni-de.baldwin.be\/de\/fragen-antworten\/","name":"Fragen &amp; Antworten - Mueller","isPartOf":{"@id":"https:\/\/mueller.sereni-de.baldwin.be\/de\/#website"},"datePublished":"2022-12-21T06:43:03+00:00","dateModified":"2023-08-02T10:19:57+00:00","inLanguage":"de-DE","potentialAction":[{"@type":"ReadAction","target":["https:\/\/mueller.sereni-de.baldwin.be\/de\/fragen-antworten\/"]}]},{"@type":"WebSite","@id":"https:\/\/mueller.sereni-de.baldwin.be\/de\/#website","url":"https:\/\/mueller.sereni-de.baldwin.be\/de\/","name":"Mueller","description":"Just another Sereni Sites site","potentialAction":[{"@type":"SearchAction","target":{"@type":"EntryPoint","urlTemplate":"https:\/\/mueller.sereni-de.baldwin.be\/de\/?s={search_term_string}"},"query-input":{"@type":"PropertyValueSpecification","valueRequired":true,"valueName":"search_term_string"}}],"inLanguage":"de-DE"}]}},"_links":{"self":[{"href":"https:\/\/mueller.sereni-de.baldwin.be\/de\/wp-json\/wp\/v2\/pages\/1344","targetHints":{"allow":["GET"]}}],"collection":[{"href":"https:\/\/mueller.sereni-de.baldwin.be\/de\/wp-json\/wp\/v2\/pages"}],"about":[{"href":"https:\/\/mueller.sereni-de.baldwin.be\/de\/wp-json\/wp\/v2\/types\/page"}],"author":[{"embeddable":true,"href":"https:\/\/mueller.sereni-de.baldwin.be\/de\/wp-json\/wp\/v2\/users\/1"}],"replies":[{"embeddable":true,"href":"https:\/\/mueller.sereni-de.baldwin.be\/de\/wp-json\/wp\/v2\/comments?post=1344"}],"version-history":[{"count":46,"href":"https:\/\/mueller.sereni-de.baldwin.be\/de\/wp-json\/wp\/v2\/pages\/1344\/revisions"}],"predecessor-version":[{"id":2568,"href":"https:\/\/mueller.sereni-de.baldwin.be\/de\/wp-json\/wp\/v2\/pages\/1344\/revisions\/2568"}],"wp:attachment":[{"href":"https:\/\/mueller.sereni-de.baldwin.be\/de\/wp-json\/wp\/v2\/media?parent=1344"}],"curies":[{"name":"wp","href":"https:\/\/api.w.org\/{rel}","templated":true}]}}