{"id":130,"date":"2022-10-11T13:24:54","date_gmt":"2022-10-11T13:24:54","guid":{"rendered":"https:\/\/mueller.sereni-de.baldwin.be\/?page_id=130"},"modified":"2023-07-28T09:14:39","modified_gmt":"2023-07-28T09:14:39","slug":"administrative-unterstuetzung","status":"publish","type":"page","link":"https:\/\/mueller.sereni-de.baldwin.be\/de\/organisieren-sie-eine-beerdigung\/administrative-unterstuetzung\/","title":{"rendered":"Unterst\u00fctzung durch Ihren Bestatter"},"content":{"rendered":"<div id=\"block-variable-content-list-block_cf781e92d01e6158ff0a5298ca0337b0\" class=\"block-variable-content-list alt_1\">\n    <div class=\"container\">\n        <div class=\"widget-wrap per_row_4\">\n                            <div class=\"block-heading\">\n                    <span class=\"heading\">Verl\u00e4ssliche Unterst\u00fctzung in schweren Zeiten<\/span>\n                <\/div>\n                        <div class=\"block-content\">\n                                                                                    <div class=\"element\">\n                                                            \n                                                                    <div class=\"image-wrap\">\n                                                                                    <img loading=\"lazy\" decoding=\"async\" width=\"1024\" height=\"682\" src=\"https:\/\/shop.sereni.de\/app\/uploads\/sites\/17\/2023\/06\/Buero_Lueb.jpg\" class=\"attachment-large size-large\" alt=\"Unterst\u00fctzung durch Ihren Bestatter\" srcset=\"https:\/\/shop.sereni.de\/app\/uploads\/sites\/17\/2023\/06\/Buero_Lueb.jpg 1024w, https:\/\/shop.sereni.de\/app\/uploads\/sites\/17\/2023\/06\/Buero_Lueb-300x200.jpg 300w, https:\/\/shop.sereni.de\/app\/uploads\/sites\/17\/2023\/06\/Buero_Lueb-450x300.jpg 450w, https:\/\/shop.sereni.de\/app\/uploads\/sites\/17\/2023\/06\/Buero_Lueb-600x400.jpg 600w\" sizes=\"auto, (max-width: 1024px) 100vw, 1024px\" title=\"Unterst\u00fctzung durch Ihren Bestatter\" \/>                                                                            <\/div>\n                                \n                                                                    <div class=\"content-wrap\">\n                                        <h3 style=\"text-align: center\"><strong>Administrative Unterst\u00fctzung<\/strong><\/h3>\n<h4 style=\"text-align: center\"><strong><span style=\"color: #000000\"><a class=\"btn btn-secondary\" style=\"color: #000000\" href=\"#admin\">Mehr erfahren<\/a><\/span><\/strong><\/h4>\n                                    <\/div>\n                                                                                    <\/div>\n                                                                    <div class=\"element\">\n                                                            \n                                                                    <div class=\"image-wrap\">\n                                                                                    <img loading=\"lazy\" decoding=\"async\" width=\"1024\" height=\"680\" src=\"https:\/\/shop.sereni.de\/app\/uploads\/sites\/17\/2023\/06\/Flugzeug-1.jpg\" class=\"attachment-large size-large\" alt=\"Unterst\u00fctzung durch Ihren Bestatter\" srcset=\"https:\/\/shop.sereni.de\/app\/uploads\/sites\/17\/2023\/06\/Flugzeug-1.jpg 1024w, https:\/\/shop.sereni.de\/app\/uploads\/sites\/17\/2023\/06\/Flugzeug-1-300x199.jpg 300w, https:\/\/shop.sereni.de\/app\/uploads\/sites\/17\/2023\/06\/Flugzeug-1-452x300.jpg 452w, https:\/\/shop.sereni.de\/app\/uploads\/sites\/17\/2023\/06\/Flugzeug-1-600x398.jpg 600w\" sizes=\"auto, (max-width: 1024px) 100vw, 1024px\" title=\"Unterst\u00fctzung durch Ihren Bestatter\" \/>                                                                            <\/div>\n                                \n                                                                    <div class=\"content-wrap\">\n                                        <h3 style=\"text-align: center\"><strong>Versorgung &amp; <\/br>\u00dcberf\u00fchrung<\/strong><\/h3>\n<h4 style=\"text-align: center\"><strong><span style=\"color: #000000\"><a class=\"btn btn-secondary\" style=\"color: #000000\" href=\"#versorgung\">Mehr erfahren<\/a><\/span><\/strong><\/h4>\n                                    <\/div>\n                                                                                    <\/div>\n                                                                    <div class=\"element\">\n                                                            \n                                                                    <div class=\"image-wrap\">\n                                                                                    <img loading=\"lazy\" decoding=\"async\" width=\"1024\" height=\"678\" src=\"https:\/\/shop.sereni.de\/app\/uploads\/sites\/17\/2023\/06\/Trauerhalle.jpg\" class=\"attachment-large size-large\" alt=\"Unterst\u00fctzung durch Ihren Bestatter\" srcset=\"https:\/\/shop.sereni.de\/app\/uploads\/sites\/17\/2023\/06\/Trauerhalle.jpg 1024w, https:\/\/shop.sereni.de\/app\/uploads\/sites\/17\/2023\/06\/Trauerhalle-300x199.jpg 300w, https:\/\/shop.sereni.de\/app\/uploads\/sites\/17\/2023\/06\/Trauerhalle-453x300.jpg 453w, https:\/\/shop.sereni.de\/app\/uploads\/sites\/17\/2023\/06\/Trauerhalle-600x397.jpg 600w\" sizes=\"auto, (max-width: 1024px) 100vw, 1024px\" title=\"Unterst\u00fctzung durch Ihren Bestatter\" \/>                                                                            <\/div>\n                                \n                                                                    <div class=\"content-wrap\">\n                                        <h3 style=\"text-align: center\"><strong>Organisation einer Trauerfeier<\/strong><\/h3>\n<h4 style=\"text-align: center\"><strong><span style=\"color: #000000\"><a class=\"btn btn-secondary\" style=\"color: #000000\" href=\"#trauerfeier\">Mehr erfahren<\/a><\/span><\/strong><\/h4>\n                                    <\/div>\n                                                                                    <\/div>\n                                                                    <div class=\"element\">\n                                                            \n                                                                    <div class=\"image-wrap\">\n                                                                                    <img loading=\"lazy\" decoding=\"async\" width=\"900\" height=\"600\" src=\"https:\/\/shop.sereni.de\/app\/uploads\/sites\/17\/2023\/06\/Trauerdruck_Brief-e1687964145188.jpg\" class=\"attachment-large size-large\" alt=\"Unterst\u00fctzung durch Ihren Bestatter\" srcset=\"https:\/\/shop.sereni.de\/app\/uploads\/sites\/17\/2023\/06\/Trauerdruck_Brief-e1687964145188.jpg 900w, https:\/\/shop.sereni.de\/app\/uploads\/sites\/17\/2023\/06\/Trauerdruck_Brief-e1687964145188-300x200.jpg 300w, https:\/\/shop.sereni.de\/app\/uploads\/sites\/17\/2023\/06\/Trauerdruck_Brief-e1687964145188-450x300.jpg 450w, https:\/\/shop.sereni.de\/app\/uploads\/sites\/17\/2023\/06\/Trauerdruck_Brief-e1687964145188-600x400.jpg 600w\" sizes=\"auto, (max-width: 900px) 100vw, 900px\" title=\"Unterst\u00fctzung durch Ihren Bestatter\" \/>                                                                            <\/div>\n                                \n                                                                    <div class=\"content-wrap\">\n                                        <h3 style=\"text-align: center\"><strong>Trauerdruck &amp; Trauerbegleitung<\/strong><\/h3>\n<h4 style=\"text-align: center\"><strong><span style=\"color: #000000\"><a class=\"btn btn-secondary\" style=\"color: #000000\" href=\"#trauerdruck\">Mehr erfahren<\/a><\/span><\/strong><\/h4>\n                                    <\/div>\n                                                                                    <\/div>\n                                                <\/div>\n        <\/div>\n    <\/div>\n<\/div>\n\n\n\n<div id=\"block-main-banner-block_ae67768fdab3dfeb14193fd5bee74f86\" class=\"block-main-banner\">\n    <div class=\"container\">\n        <div class=\"banner-wrap layout2 content_left content_top\">\n            <div class=\"banner-image\">\n                                                            <img loading=\"lazy\" decoding=\"async\" width=\"1024\" height=\"682\" src=\"https:\/\/shop.sereni.de\/app\/uploads\/sites\/17\/2023\/06\/Buero_Lueb.jpg\" class=\"attachment-full-stretched size-full-stretched\" alt=\"Unterst\u00fctzung durch Ihren Bestatter\" srcset=\"https:\/\/shop.sereni.de\/app\/uploads\/sites\/17\/2023\/06\/Buero_Lueb.jpg 1024w, https:\/\/shop.sereni.de\/app\/uploads\/sites\/17\/2023\/06\/Buero_Lueb-300x200.jpg 300w, https:\/\/shop.sereni.de\/app\/uploads\/sites\/17\/2023\/06\/Buero_Lueb-450x300.jpg 450w, https:\/\/shop.sereni.de\/app\/uploads\/sites\/17\/2023\/06\/Buero_Lueb-600x400.jpg 600w\" sizes=\"auto, (max-width: 1024px) 100vw, 1024px\" title=\"Unterst\u00fctzung durch Ihren Bestatter\" \/>                                                <\/div>\n\n                            <div class=\"banner-content\">\n                    <div class=\"inner\">\n                        <div class=\"headline-wrapper\">\n<h2 id=\"admin\"><strong>Administrative Unterst\u00fctzung<\/strong><\/h2>\n<p>Wir entlasten Sie auf Wunsch bei allen Formalit\u00e4ten:<\/p>\n<div class=\"sidelist\">\n<ul>\n<li>Beschaffung der Sterbeurkunde und anderer wichtiger Dokumente<\/li>\n<li>Absprachen mit Friedhofsverwaltungen und Pfarr\u00e4mtern<\/li>\n<li>Planung, Organisation und Durchf\u00fchrung der Trauerfeier inklusive Terminfestlegung bei Stadt oder Kirche<\/li>\n<li>Gestaltung von Trauerkarten und Anzeigen<\/li>\n<li>Antragstellungen bei \u00c4mtern, Rentenkasse, Krankenkasse und Versicherungen<\/li>\n<li>K\u00fcndigung laufender Mitgliedschaften und Vertr\u00e4ge<\/li>\n<\/ul>\n<\/div>\n<\/div>\n                    <\/div>\n                <\/div>\n                    <\/div>\n    <\/div>\n<\/div>\n\n\n\n<div id=\"block-main-banner-block_238e08f09ef60097a621e5d399c8af6a\" class=\"block-main-banner\">\n    <div class=\"container\">\n        <div class=\"banner-wrap layout2 content_right content_top\">\n            <div class=\"banner-image\">\n                                                            <img loading=\"lazy\" decoding=\"async\" width=\"1024\" height=\"680\" src=\"https:\/\/shop.sereni.de\/app\/uploads\/sites\/17\/2023\/06\/Flugzeug.jpg\" class=\"attachment-full-stretched size-full-stretched\" alt=\"Unterst\u00fctzung durch Ihren Bestatter\" srcset=\"https:\/\/shop.sereni.de\/app\/uploads\/sites\/17\/2023\/06\/Flugzeug.jpg 1024w, https:\/\/shop.sereni.de\/app\/uploads\/sites\/17\/2023\/06\/Flugzeug-300x199.jpg 300w, https:\/\/shop.sereni.de\/app\/uploads\/sites\/17\/2023\/06\/Flugzeug-452x300.jpg 452w, https:\/\/shop.sereni.de\/app\/uploads\/sites\/17\/2023\/06\/Flugzeug-600x398.jpg 600w\" sizes=\"auto, (max-width: 1024px) 100vw, 1024px\" title=\"Unterst\u00fctzung durch Ihren Bestatter\" \/>                                                <\/div>\n\n                            <div class=\"banner-content\">\n                    <div class=\"inner\">\n                        <h2 id=\"versorgung\"><strong>\u00dcberf\u00fchrung &amp; Versorgung<\/strong><\/h2>\n<h4>Behutsame Vorbereitung auf die letzte Reise.<\/h4>\n<p>Wenn Sie es w\u00fcnschen, k\u00fcmmern wir uns um die \u00dcberf\u00fchrung des Verstorbenen von seinem Sterbeort oder an den gew\u00fcnschten Bestattungsort im In- oder Ausland. Je nach Entfernung erfolgt die \u00dcberf\u00fchrung mit dem Bestattungswagen oder dem Flugzeug. Wir k\u00fcmmern uns behutsam und liebevoll um die optimale Versorgung des Verstorbenen.<\/p>\n<p>Auf Wunsch erm\u00f6glichen wir es Angeh\u00f6rigen, selbst beim Waschen und Ankleiden des Verstorbenen mitzuhelfen.<\/p>\n                    <\/div>\n                <\/div>\n                    <\/div>\n    <\/div>\n<\/div>\n\n\n\n<div id=\"block-main-banner-block_c407993b2d3ec2bb264fcf35c90b2f01\" class=\"block-main-banner\">\n    <div class=\"container\">\n        <div class=\"banner-wrap layout2 content_left content_top\">\n            <div class=\"banner-image\">\n                                                            <img loading=\"lazy\" decoding=\"async\" width=\"1024\" height=\"678\" src=\"https:\/\/shop.sereni.de\/app\/uploads\/sites\/17\/2023\/06\/Trauerhalle.jpg\" class=\"attachment-full-stretched size-full-stretched\" alt=\"Unterst\u00fctzung durch Ihren Bestatter\" srcset=\"https:\/\/shop.sereni.de\/app\/uploads\/sites\/17\/2023\/06\/Trauerhalle.jpg 1024w, https:\/\/shop.sereni.de\/app\/uploads\/sites\/17\/2023\/06\/Trauerhalle-300x199.jpg 300w, https:\/\/shop.sereni.de\/app\/uploads\/sites\/17\/2023\/06\/Trauerhalle-453x300.jpg 453w, https:\/\/shop.sereni.de\/app\/uploads\/sites\/17\/2023\/06\/Trauerhalle-600x397.jpg 600w\" sizes=\"auto, (max-width: 1024px) 100vw, 1024px\" title=\"Unterst\u00fctzung durch Ihren Bestatter\" \/>                                                <\/div>\n\n                            <div class=\"banner-content\">\n                    <div class=\"inner\">\n                        <h2 id=\"trauerfeier\"><strong>Organisation der Trauerfeier<\/strong><\/h2>\n<h4>Stimmungsvoll das vergangene Leben ehren.<\/h4>\n<p>Sprechen Sie mit uns \u00fcber Ihre Ideen f\u00fcr eine w\u00fcrdevolle Feierlichkeit, die Ihren Vorstellungen entspricht und die Pers\u00f6nlichkeit des Verstorbenen ehrt. Alles Organisatorische von der Planung bis zur Durchf\u00fchrung der Trauerfeier \u00fcbernehmen wir, soweit Sie es w\u00fcnschen. Auch mit der Kirchengemeinde des Verstorbenen nehmen wir Kontakt auf.<\/p>\n<p>F\u00fcr Blumenschmuck, musikalische Begleitung, Trauerrede und Trauercaf\u00e9 vermitteln wir Ihnen gerne erfahrene Ansprechpartner, mit denen wir seit Jahren vertrauensvoll zusammenarbeiten.<\/p>\n                    <\/div>\n                <\/div>\n                    <\/div>\n    <\/div>\n<\/div>\n\n\n\n<div id=\"block-main-banner-block_0f45b04c95bc56d70aa27ff6cad9b714\" class=\"block-main-banner\">\n    <div class=\"container\">\n        <div class=\"banner-wrap layout2 content_right content_top\">\n            <div class=\"banner-image\">\n                                                            <img loading=\"lazy\" decoding=\"async\" width=\"900\" height=\"600\" src=\"https:\/\/shop.sereni.de\/app\/uploads\/sites\/17\/2023\/06\/Trauerdruck_Brief-e1687964145188.jpg\" class=\"attachment-full-stretched size-full-stretched\" alt=\"Unterst\u00fctzung durch Ihren Bestatter\" srcset=\"https:\/\/shop.sereni.de\/app\/uploads\/sites\/17\/2023\/06\/Trauerdruck_Brief-e1687964145188.jpg 900w, https:\/\/shop.sereni.de\/app\/uploads\/sites\/17\/2023\/06\/Trauerdruck_Brief-e1687964145188-300x200.jpg 300w, https:\/\/shop.sereni.de\/app\/uploads\/sites\/17\/2023\/06\/Trauerdruck_Brief-e1687964145188-450x300.jpg 450w, https:\/\/shop.sereni.de\/app\/uploads\/sites\/17\/2023\/06\/Trauerdruck_Brief-e1687964145188-600x400.jpg 600w\" sizes=\"auto, (max-width: 900px) 100vw, 900px\" title=\"Unterst\u00fctzung durch Ihren Bestatter\" \/>                                                <\/div>\n\n                            <div class=\"banner-content\">\n                    <div class=\"inner\">\n                        <h2 id=\"trauerdruck\"><strong>Trauerdruck<\/strong><\/h2>\n<div class=\"element\">\n<div class=\"content-wrap\">\n<h4>Traueranzeigen gestalten, drucken &amp; versenden<\/h4>\n<p>Wir verstehen, dass Traueranzeigen eine pers\u00f6nliche und einf\u00fchlsame Aufgabe sind. \u00a0Wir arbeiten sorgf\u00e4ltig daran, eine ansprechende und w\u00fcrdevolle Gestaltung zu gew\u00e4hrleisten, die den W\u00fcnschen des Verstorbenen und Ihrer Botschaft gerecht wird. Auf Wunsch k\u00fcmmern wir uns um den zuverl\u00e4ssigen Versand an die gew\u00fcnschten Adressen.<\/p>\n<p>Vertrauen Sie auf unsere einf\u00fchlsame, diskrete und professionelle Arbeit. Lassen Sie uns die Gestaltung und den Versand Ihrer Traueranzeigen \u00fcbernehmen, damit Sie sich auf das Wesentliche konzentrieren k\u00f6nnen: Ihre Trauer und die Erinnerung an den geliebten Menschen.<\/p>\n<\/div>\n<\/div>\n                    <\/div>\n                <\/div>\n                    <\/div>\n    <\/div>\n<\/div>\n\n\n\n<div id=\"block-main-banner-block_30e98ba90f384a34476ae1b3ce057c0f\" class=\"block-main-banner\">\n    <div class=\"container\">\n        <div class=\"banner-wrap layout2 content_left content_top\">\n            <div class=\"banner-image\">\n                                                            <img loading=\"lazy\" decoding=\"async\" width=\"660\" height=\"403\" src=\"https:\/\/shop.sereni.de\/app\/uploads\/sites\/17\/2023\/06\/Loslassen.jpg\" class=\"attachment-full-stretched size-full-stretched\" alt=\"Unterst\u00fctzung durch Ihren Bestatter\" srcset=\"https:\/\/shop.sereni.de\/app\/uploads\/sites\/17\/2023\/06\/Loslassen.jpg 660w, https:\/\/shop.sereni.de\/app\/uploads\/sites\/17\/2023\/06\/Loslassen-300x183.jpg 300w, https:\/\/shop.sereni.de\/app\/uploads\/sites\/17\/2023\/06\/Loslassen-491x300.jpg 491w, https:\/\/shop.sereni.de\/app\/uploads\/sites\/17\/2023\/06\/Loslassen-600x366.jpg 600w\" sizes=\"auto, (max-width: 660px) 100vw, 660px\" title=\"Unterst\u00fctzung durch Ihren Bestatter\" \/>                                                <\/div>\n\n                            <div class=\"banner-content\">\n                    <div class=\"inner\">\n                        <h2 style=\"text-align: left\"><strong>Trauerbegleitung<\/strong><\/h2>\n<h3 style=\"text-align: left\">Wir lassen Sie nicht allein.<\/h3>\n<p style=\"text-align: left\">Trauerbew\u00e4ltigung braucht Zeit, braucht viele intensive Gespr\u00e4che. Meist findet der Prozess im eigenen Familien- und Freundeskreis statt. Wenn Sie das Gef\u00fchl haben, dass Sie dieser Weg nicht ins Ziel f\u00fchrt, und Sie gerne Hilfe von Au\u00dfenstehenden in Anspruch nehmen m\u00f6chten, z\u00f6gern Sie bitte nicht, uns anzusprechen.<\/p>\n<p style=\"text-align: left\">In Gedanken und an bestimmten Orten bleiben die Verstorbenen f\u00fcr uns lebendig. Dabei helfen auch besondere Erinnerungsst\u00fccke: Das kann ein Schmuckst\u00fcck mit Fingerprint sein, eine Totenmaske, ein Aschediamant oder auch nur ein Fotoalbum oder eine Videoaufnahme der Trauerfeier. All diese Dinge machen wir f\u00fcr Sie m\u00f6glich.<\/p>\n                    <\/div>\n                <\/div>\n                    <\/div>\n    <\/div>\n<\/div>\n","protected":false},"excerpt":{"rendered":"","protected":false},"author":1,"featured_media":0,"parent":108,"menu_order":0,"comment_status":"closed","ping_status":"closed","template":"","meta":{"_acf_changed":false,"footnotes":""},"class_list":["post-130","page","type-page","status-publish","hentry"],"acf":[],"yoast_head":"<!-- This site is optimized with the Yoast SEO plugin v25.8 - https:\/\/yoast.com\/wordpress\/plugins\/seo\/ -->\n<title>Unterst\u00fctzung durch Ihren Bestatter - Mueller<\/title>\n<meta name=\"robots\" content=\"index, follow, max-snippet:-1, max-image-preview:large, max-video-preview:-1\" \/>\n<link rel=\"canonical\" href=\"https:\/\/mueller.sereni-de.baldwin.be\/de\/organisieren-sie-eine-beerdigung\/administrative-unterstuetzung\/\" \/>\n<meta property=\"og:locale\" content=\"de_DE\" \/>\n<meta property=\"og:type\" content=\"article\" \/>\n<meta property=\"og:title\" content=\"Unterst\u00fctzung durch Ihren Bestatter - Mueller\" \/>\n<meta property=\"og:url\" content=\"https:\/\/mueller.sereni-de.baldwin.be\/de\/organisieren-sie-eine-beerdigung\/administrative-unterstuetzung\/\" \/>\n<meta property=\"og:site_name\" content=\"Mueller\" \/>\n<meta property=\"article:modified_time\" content=\"2023-07-28T09:14:39+00:00\" \/>\n<meta name=\"twitter:card\" content=\"summary_large_image\" \/>\n<script type=\"application\/ld+json\" class=\"yoast-schema-graph\">{\"@context\":\"https:\/\/schema.org\",\"@graph\":[{\"@type\":\"WebPage\",\"@id\":\"https:\/\/mueller.sereni-de.baldwin.be\/de\/organisieren-sie-eine-beerdigung\/administrative-unterstuetzung\/\",\"url\":\"https:\/\/mueller.sereni-de.baldwin.be\/de\/organisieren-sie-eine-beerdigung\/administrative-unterstuetzung\/\",\"name\":\"Unterst\u00fctzung durch Ihren Bestatter - Mueller\",\"isPartOf\":{\"@id\":\"https:\/\/mueller.sereni-de.baldwin.be\/de\/#website\"},\"datePublished\":\"2022-10-11T13:24:54+00:00\",\"dateModified\":\"2023-07-28T09:14:39+00:00\",\"breadcrumb\":{\"@id\":\"https:\/\/mueller.sereni-de.baldwin.be\/de\/organisieren-sie-eine-beerdigung\/administrative-unterstuetzung\/#breadcrumb\"},\"inLanguage\":\"de-DE\",\"potentialAction\":[{\"@type\":\"ReadAction\",\"target\":[\"https:\/\/mueller.sereni-de.baldwin.be\/de\/organisieren-sie-eine-beerdigung\/administrative-unterstuetzung\/\"]}]},{\"@type\":\"BreadcrumbList\",\"@id\":\"https:\/\/mueller.sereni-de.baldwin.be\/de\/organisieren-sie-eine-beerdigung\/administrative-unterstuetzung\/#breadcrumb\",\"itemListElement\":[{\"@type\":\"ListItem\",\"position\":1,\"name\":\"Organisation einer Bestattung\",\"item\":\"https:\/\/lueb.sereni-de.baldwin.be\/de\/organisieren-sie-eine-beerdigung\/\"},{\"@type\":\"ListItem\",\"position\":2,\"name\":\"Unterst\u00fctzung durch Ihren Bestatter\"}]},{\"@type\":\"WebSite\",\"@id\":\"https:\/\/mueller.sereni-de.baldwin.be\/de\/#website\",\"url\":\"https:\/\/mueller.sereni-de.baldwin.be\/de\/\",\"name\":\"Mueller\",\"description\":\"Just another Sereni Sites site\",\"potentialAction\":[{\"@type\":\"SearchAction\",\"target\":{\"@type\":\"EntryPoint\",\"urlTemplate\":\"https:\/\/mueller.sereni-de.baldwin.be\/de\/?s={search_term_string}\"},\"query-input\":{\"@type\":\"PropertyValueSpecification\",\"valueRequired\":true,\"valueName\":\"search_term_string\"}}],\"inLanguage\":\"de-DE\"}]}<\/script>\n<!-- \/ Yoast SEO plugin. -->","yoast_head_json":{"title":"Unterst\u00fctzung durch Ihren Bestatter - Mueller","robots":{"index":"index","follow":"follow","max-snippet":"max-snippet:-1","max-image-preview":"max-image-preview:large","max-video-preview":"max-video-preview:-1"},"canonical":"https:\/\/mueller.sereni-de.baldwin.be\/de\/organisieren-sie-eine-beerdigung\/administrative-unterstuetzung\/","og_locale":"de_DE","og_type":"article","og_title":"Unterst\u00fctzung durch Ihren Bestatter - Mueller","og_url":"https:\/\/mueller.sereni-de.baldwin.be\/de\/organisieren-sie-eine-beerdigung\/administrative-unterstuetzung\/","og_site_name":"Mueller","article_modified_time":"2023-07-28T09:14:39+00:00","twitter_card":"summary_large_image","schema":{"@context":"https:\/\/schema.org","@graph":[{"@type":"WebPage","@id":"https:\/\/mueller.sereni-de.baldwin.be\/de\/organisieren-sie-eine-beerdigung\/administrative-unterstuetzung\/","url":"https:\/\/mueller.sereni-de.baldwin.be\/de\/organisieren-sie-eine-beerdigung\/administrative-unterstuetzung\/","name":"Unterst\u00fctzung durch Ihren Bestatter - Mueller","isPartOf":{"@id":"https:\/\/mueller.sereni-de.baldwin.be\/de\/#website"},"datePublished":"2022-10-11T13:24:54+00:00","dateModified":"2023-07-28T09:14:39+00:00","breadcrumb":{"@id":"https:\/\/mueller.sereni-de.baldwin.be\/de\/organisieren-sie-eine-beerdigung\/administrative-unterstuetzung\/#breadcrumb"},"inLanguage":"de-DE","potentialAction":[{"@type":"ReadAction","target":["https:\/\/mueller.sereni-de.baldwin.be\/de\/organisieren-sie-eine-beerdigung\/administrative-unterstuetzung\/"]}]},{"@type":"BreadcrumbList","@id":"https:\/\/mueller.sereni-de.baldwin.be\/de\/organisieren-sie-eine-beerdigung\/administrative-unterstuetzung\/#breadcrumb","itemListElement":[{"@type":"ListItem","position":1,"name":"Organisation einer Bestattung","item":"https:\/\/lueb.sereni-de.baldwin.be\/de\/organisieren-sie-eine-beerdigung\/"},{"@type":"ListItem","position":2,"name":"Unterst\u00fctzung durch Ihren Bestatter"}]},{"@type":"WebSite","@id":"https:\/\/mueller.sereni-de.baldwin.be\/de\/#website","url":"https:\/\/mueller.sereni-de.baldwin.be\/de\/","name":"Mueller","description":"Just another Sereni Sites site","potentialAction":[{"@type":"SearchAction","target":{"@type":"EntryPoint","urlTemplate":"https:\/\/mueller.sereni-de.baldwin.be\/de\/?s={search_term_string}"},"query-input":{"@type":"PropertyValueSpecification","valueRequired":true,"valueName":"search_term_string"}}],"inLanguage":"de-DE"}]}},"_links":{"self":[{"href":"https:\/\/mueller.sereni-de.baldwin.be\/de\/wp-json\/wp\/v2\/pages\/130","targetHints":{"allow":["GET"]}}],"collection":[{"href":"https:\/\/mueller.sereni-de.baldwin.be\/de\/wp-json\/wp\/v2\/pages"}],"about":[{"href":"https:\/\/mueller.sereni-de.baldwin.be\/de\/wp-json\/wp\/v2\/types\/page"}],"author":[{"embeddable":true,"href":"https:\/\/mueller.sereni-de.baldwin.be\/de\/wp-json\/wp\/v2\/users\/1"}],"replies":[{"embeddable":true,"href":"https:\/\/mueller.sereni-de.baldwin.be\/de\/wp-json\/wp\/v2\/comments?post=130"}],"version-history":[{"count":208,"href":"https:\/\/mueller.sereni-de.baldwin.be\/de\/wp-json\/wp\/v2\/pages\/130\/revisions"}],"predecessor-version":[{"id":2551,"href":"https:\/\/mueller.sereni-de.baldwin.be\/de\/wp-json\/wp\/v2\/pages\/130\/revisions\/2551"}],"up":[{"embeddable":true,"href":"https:\/\/mueller.sereni-de.baldwin.be\/de\/wp-json\/wp\/v2\/pages\/108"}],"wp:attachment":[{"href":"https:\/\/mueller.sereni-de.baldwin.be\/de\/wp-json\/wp\/v2\/media?parent=130"}],"curies":[{"name":"wp","href":"https:\/\/api.w.org\/{rel}","templated":true}]}}