{"id":118,"date":"2022-10-11T13:20:54","date_gmt":"2022-10-11T13:20:54","guid":{"rendered":"https:\/\/mueller.sereni-de.baldwin.be\/?page_id=118"},"modified":"2023-06-30T11:30:50","modified_gmt":"2023-06-30T11:30:50","slug":"abschiedsdienste","status":"publish","type":"page","link":"https:\/\/mueller.sereni-de.baldwin.be\/de\/organisieren-sie-eine-beerdigung\/abschiedsdienste\/","title":{"rendered":"Abschied"},"content":{"rendered":"\n<div id=\"block-main-banner-block_6346f54e3494b\" class=\"block-main-banner\">\n    <div class=\"container\">\n        <div class=\"banner-wrap layout2 content_right content_bottom\">\n            <div class=\"banner-image\">\n                                                            <img loading=\"lazy\" decoding=\"async\" width=\"1200\" height=\"800\" src=\"https:\/\/shop.sereni.de\/app\/uploads\/sites\/17\/2023\/06\/Urne_Lueb.jpg\" class=\"attachment-full-stretched size-full-stretched\" alt=\"Abschied\" srcset=\"https:\/\/shop.sereni.de\/app\/uploads\/sites\/17\/2023\/06\/Urne_Lueb.jpg 1200w, https:\/\/shop.sereni.de\/app\/uploads\/sites\/17\/2023\/06\/Urne_Lueb-300x200.jpg 300w, https:\/\/shop.sereni.de\/app\/uploads\/sites\/17\/2023\/06\/Urne_Lueb-1024x683.jpg 1024w, https:\/\/shop.sereni.de\/app\/uploads\/sites\/17\/2023\/06\/Urne_Lueb-450x300.jpg 450w, https:\/\/shop.sereni.de\/app\/uploads\/sites\/17\/2023\/06\/Urne_Lueb-600x400.jpg 600w\" sizes=\"auto, (max-width: 1200px) 100vw, 1200px\" title=\"Abschied\" \/>                                                <\/div>\n\n                            <div class=\"banner-content\">\n                    <div class=\"inner\">\n                        <h2><strong>WEIL BEWUSSTER ABSCHIED HEILSAM IST<\/strong><\/h2>\n<p><strong>Noch einmal Zeit miteinander verbringen.<\/strong><\/p>\n<p><span class=\"type-i type-j\"><strong>Bewusst Abschied<\/strong> zu nehmen ist der<strong> Einstieg in die Trauerarbeit<\/strong>, ein wichtiger erster Schritt, den Tod zu akzeptieren. Wie Sie diese Abschiednahme gestalten m\u00f6chten, entscheiden Sie <strong>nach Ihrem pers\u00f6nlichen Empfinden<\/strong>.<\/span><\/p>\n<p>Vor der Trauerfeier geben wir Ihnen die Gelegenheit zu einem<strong> letzten Beisammensein mit dem Verstorbenen<\/strong> am offenen oder geschlossenen Sarg oder im Rahmen einer Urnen-Aufbahrung in der Trauerhalle.<\/p>\n<p style=\"text-align: center\"><a class=\"btn btn-primary\" href=\"https:\/\/mueller.sereni-de.baldwin.be\/de\/kontakt\/\">Kontakt<\/a><\/p>\n                    <\/div>\n                <\/div>\n                    <\/div>\n    <\/div>\n<\/div>\n\n\n<div id=\"block-variable-content-list-block_6346f5b43494c\" class=\"block-variable-content-list alt_1\">\n    <div class=\"container\">\n        <div class=\"widget-wrap per_row_2\">\n                        <div class=\"block-content\">\n                                                                                    <div class=\"element\">\n                                                            \n                                \n                                                                    <div class=\"content-wrap\">\n                                        <p><span class=\"type-g\"><strong>Mut zu einem besonderen Schritt.<\/strong><\/span><\/p>\n<p>Aus Erfahrung wissen wir, dass es f\u00fcr Hinterbliebene ein wichtiger Schritt in der Trauerbew\u00e4ltigung sein kann, aktiv an der Versorgung, Einkleidung und Einbettung des Verstorbenen mitzuwirken. Wir m\u00f6chten Sie ausdr\u00fccklich zu dieser Form der Abschiednahme ermutigen. Alle Aufgaben, die Sie sich zutrauen, d\u00fcrfen Sie auch selbst \u00fcbernehmen. Wir assistieren, wo und wann Sie uns brauchen.<\/p>\n<p>&nbsp;<\/p>\n                                    <\/div>\n                                                                                    <\/div>\n                                                                    <div class=\"element\">\n                                                            \n                                \n                                                                    <div class=\"content-wrap\">\n                                        <p><span class=\"type-g\"><strong>Das letzte gemeinsame Fest.<\/strong><\/span><\/p>\n<p>Jeder Verstorbene sollte ein Begr\u00e4bnis erhalten, das seiner Pers\u00f6nlichkeit gerecht wird, sein Leben in Erinnerung ruft, seine Einzigartigkeit hervorhebt. Wir besprechen mit Ihnen, wie sich die Zeremonie individuell gestalten l\u00e4sst, und ermuntern Sie, eigene kreative Ideen einzubringen. Wir freuen uns, wenn wir Ihnen au\u00dfergew\u00f6hnliche W\u00fcnsche erf\u00fcllen und so einen Verstorbenen auf besondere Weise ehren d\u00fcrfen.<\/p>\n                                    <\/div>\n                                                                                    <\/div>\n                                                <\/div>\n        <\/div>\n    <\/div>\n<\/div>\n","protected":false},"excerpt":{"rendered":"","protected":false},"author":1,"featured_media":0,"parent":108,"menu_order":0,"comment_status":"closed","ping_status":"closed","template":"","meta":{"_acf_changed":false,"footnotes":""},"class_list":["post-118","page","type-page","status-publish","hentry"],"acf":[],"yoast_head":"<!-- This site is optimized with the Yoast SEO plugin v25.8 - https:\/\/yoast.com\/wordpress\/plugins\/seo\/ -->\n<title>Abschied - Mueller<\/title>\n<meta name=\"robots\" content=\"index, follow, max-snippet:-1, max-image-preview:large, max-video-preview:-1\" \/>\n<link rel=\"canonical\" href=\"https:\/\/mueller.sereni-de.baldwin.be\/de\/organisieren-sie-eine-beerdigung\/abschiedsdienste\/\" \/>\n<meta property=\"og:locale\" content=\"de_DE\" \/>\n<meta property=\"og:type\" content=\"article\" \/>\n<meta property=\"og:title\" content=\"Abschied - Mueller\" \/>\n<meta property=\"og:url\" content=\"https:\/\/mueller.sereni-de.baldwin.be\/de\/organisieren-sie-eine-beerdigung\/abschiedsdienste\/\" \/>\n<meta property=\"og:site_name\" content=\"Mueller\" \/>\n<meta property=\"article:modified_time\" content=\"2023-06-30T11:30:50+00:00\" \/>\n<meta name=\"twitter:card\" content=\"summary_large_image\" \/>\n<script type=\"application\/ld+json\" class=\"yoast-schema-graph\">{\"@context\":\"https:\/\/schema.org\",\"@graph\":[{\"@type\":\"WebPage\",\"@id\":\"https:\/\/mueller.sereni-de.baldwin.be\/de\/organisieren-sie-eine-beerdigung\/abschiedsdienste\/\",\"url\":\"https:\/\/mueller.sereni-de.baldwin.be\/de\/organisieren-sie-eine-beerdigung\/abschiedsdienste\/\",\"name\":\"Abschied - Mueller\",\"isPartOf\":{\"@id\":\"https:\/\/mueller.sereni-de.baldwin.be\/de\/#website\"},\"datePublished\":\"2022-10-11T13:20:54+00:00\",\"dateModified\":\"2023-06-30T11:30:50+00:00\",\"breadcrumb\":{\"@id\":\"https:\/\/mueller.sereni-de.baldwin.be\/de\/organisieren-sie-eine-beerdigung\/abschiedsdienste\/#breadcrumb\"},\"inLanguage\":\"de-DE\",\"potentialAction\":[{\"@type\":\"ReadAction\",\"target\":[\"https:\/\/mueller.sereni-de.baldwin.be\/de\/organisieren-sie-eine-beerdigung\/abschiedsdienste\/\"]}]},{\"@type\":\"BreadcrumbList\",\"@id\":\"https:\/\/mueller.sereni-de.baldwin.be\/de\/organisieren-sie-eine-beerdigung\/abschiedsdienste\/#breadcrumb\",\"itemListElement\":[{\"@type\":\"ListItem\",\"position\":1,\"name\":\"Organisation einer Bestattung\",\"item\":\"https:\/\/lueb.sereni-de.baldwin.be\/de\/organisieren-sie-eine-beerdigung\/\"},{\"@type\":\"ListItem\",\"position\":2,\"name\":\"Abschied\"}]},{\"@type\":\"WebSite\",\"@id\":\"https:\/\/mueller.sereni-de.baldwin.be\/de\/#website\",\"url\":\"https:\/\/mueller.sereni-de.baldwin.be\/de\/\",\"name\":\"Mueller\",\"description\":\"Just another Sereni Sites site\",\"potentialAction\":[{\"@type\":\"SearchAction\",\"target\":{\"@type\":\"EntryPoint\",\"urlTemplate\":\"https:\/\/mueller.sereni-de.baldwin.be\/de\/?s={search_term_string}\"},\"query-input\":{\"@type\":\"PropertyValueSpecification\",\"valueRequired\":true,\"valueName\":\"search_term_string\"}}],\"inLanguage\":\"de-DE\"}]}<\/script>\n<!-- \/ Yoast SEO plugin. -->","yoast_head_json":{"title":"Abschied - Mueller","robots":{"index":"index","follow":"follow","max-snippet":"max-snippet:-1","max-image-preview":"max-image-preview:large","max-video-preview":"max-video-preview:-1"},"canonical":"https:\/\/mueller.sereni-de.baldwin.be\/de\/organisieren-sie-eine-beerdigung\/abschiedsdienste\/","og_locale":"de_DE","og_type":"article","og_title":"Abschied - Mueller","og_url":"https:\/\/mueller.sereni-de.baldwin.be\/de\/organisieren-sie-eine-beerdigung\/abschiedsdienste\/","og_site_name":"Mueller","article_modified_time":"2023-06-30T11:30:50+00:00","twitter_card":"summary_large_image","schema":{"@context":"https:\/\/schema.org","@graph":[{"@type":"WebPage","@id":"https:\/\/mueller.sereni-de.baldwin.be\/de\/organisieren-sie-eine-beerdigung\/abschiedsdienste\/","url":"https:\/\/mueller.sereni-de.baldwin.be\/de\/organisieren-sie-eine-beerdigung\/abschiedsdienste\/","name":"Abschied - Mueller","isPartOf":{"@id":"https:\/\/mueller.sereni-de.baldwin.be\/de\/#website"},"datePublished":"2022-10-11T13:20:54+00:00","dateModified":"2023-06-30T11:30:50+00:00","breadcrumb":{"@id":"https:\/\/mueller.sereni-de.baldwin.be\/de\/organisieren-sie-eine-beerdigung\/abschiedsdienste\/#breadcrumb"},"inLanguage":"de-DE","potentialAction":[{"@type":"ReadAction","target":["https:\/\/mueller.sereni-de.baldwin.be\/de\/organisieren-sie-eine-beerdigung\/abschiedsdienste\/"]}]},{"@type":"BreadcrumbList","@id":"https:\/\/mueller.sereni-de.baldwin.be\/de\/organisieren-sie-eine-beerdigung\/abschiedsdienste\/#breadcrumb","itemListElement":[{"@type":"ListItem","position":1,"name":"Organisation einer Bestattung","item":"https:\/\/lueb.sereni-de.baldwin.be\/de\/organisieren-sie-eine-beerdigung\/"},{"@type":"ListItem","position":2,"name":"Abschied"}]},{"@type":"WebSite","@id":"https:\/\/mueller.sereni-de.baldwin.be\/de\/#website","url":"https:\/\/mueller.sereni-de.baldwin.be\/de\/","name":"Mueller","description":"Just another Sereni Sites site","potentialAction":[{"@type":"SearchAction","target":{"@type":"EntryPoint","urlTemplate":"https:\/\/mueller.sereni-de.baldwin.be\/de\/?s={search_term_string}"},"query-input":{"@type":"PropertyValueSpecification","valueRequired":true,"valueName":"search_term_string"}}],"inLanguage":"de-DE"}]}},"_links":{"self":[{"href":"https:\/\/mueller.sereni-de.baldwin.be\/de\/wp-json\/wp\/v2\/pages\/118","targetHints":{"allow":["GET"]}}],"collection":[{"href":"https:\/\/mueller.sereni-de.baldwin.be\/de\/wp-json\/wp\/v2\/pages"}],"about":[{"href":"https:\/\/mueller.sereni-de.baldwin.be\/de\/wp-json\/wp\/v2\/types\/page"}],"author":[{"embeddable":true,"href":"https:\/\/mueller.sereni-de.baldwin.be\/de\/wp-json\/wp\/v2\/users\/1"}],"replies":[{"embeddable":true,"href":"https:\/\/mueller.sereni-de.baldwin.be\/de\/wp-json\/wp\/v2\/comments?post=118"}],"version-history":[{"count":104,"href":"https:\/\/mueller.sereni-de.baldwin.be\/de\/wp-json\/wp\/v2\/pages\/118\/revisions"}],"predecessor-version":[{"id":2045,"href":"https:\/\/mueller.sereni-de.baldwin.be\/de\/wp-json\/wp\/v2\/pages\/118\/revisions\/2045"}],"up":[{"embeddable":true,"href":"https:\/\/mueller.sereni-de.baldwin.be\/de\/wp-json\/wp\/v2\/pages\/108"}],"wp:attachment":[{"href":"https:\/\/mueller.sereni-de.baldwin.be\/de\/wp-json\/wp\/v2\/media?parent=118"}],"curies":[{"name":"wp","href":"https:\/\/api.w.org\/{rel}","templated":true}]}}