{"id":116,"date":"2022-10-11T13:19:53","date_gmt":"2022-10-11T13:19:53","guid":{"rendered":"https:\/\/mueller.sereni-de.baldwin.be\/?page_id=116"},"modified":"2023-07-12T10:10:37","modified_gmt":"2023-07-12T10:10:37","slug":"qualitaet","status":"publish","type":"page","link":"https:\/\/mueller.sereni-de.baldwin.be\/de\/organisieren-sie-eine-beerdigung\/qualitaet\/","title":{"rendered":"Qualit\u00e4t"},"content":{"rendered":"<div id=\"block-variable-content-list-block_fd04c972461401ad514ef50240b832a0\" class=\"block-variable-content-list alt_1\">\n    <div class=\"container\">\n        <div class=\"widget-wrap per_row_2\">\n                        <div class=\"block-content\">\n                                                                                    <div class=\"element\">\n                                                            \n                                                                    <div class=\"image-wrap\">\n                                                                                    <img loading=\"lazy\" decoding=\"async\" width=\"376\" height=\"510\" src=\"https:\/\/shop.sereni.de\/app\/uploads\/sites\/17\/2022\/12\/MZ-grau-weiss-klein.png\" class=\"attachment-large size-large\" alt=\"Qualit\u00e4t\" srcset=\"https:\/\/shop.sereni.de\/app\/uploads\/sites\/17\/2022\/12\/MZ-grau-weiss-klein.png 376w, https:\/\/shop.sereni.de\/app\/uploads\/sites\/17\/2022\/12\/MZ-grau-weiss-klein-221x300.png 221w\" sizes=\"auto, (max-width: 376px) 100vw, 376px\" title=\"Qualit\u00e4t\" \/>                                                                            <\/div>\n                                \n                                                                                    <\/div>\n                                                                    <div class=\"element\">\n                                                            \n                                \n                                                                    <div class=\"content-wrap\">\n                                        <h2><strong>Bestatter vom Handwerk gepr\u00fcft<\/strong><\/h2>\n<p>Das Markenzeichen \u201eQualifiziertes Bestattungsunternehmen \u2013 Bestatter vom Handwerk gepr\u00fcft\u201c d\u00fcrfen nur Unternehmen tragen, deren Inhaber, Gesellschafter oder leitende Angestellte \u201eGepr\u00fcfte Bestatter\u201c oder \u201eBestattermeister\u201c sind. Die entsprechende Pr\u00fcfung wird vor der Handwerkskammer abgelegt.<\/p>\n<p>Die Betriebe verpflichten sich u. a., Riten und Brauchtum aller Kulturen und Religionen zu respektieren. Sie versprechen ein breites Leistungsangebot in allen Preislagen, eine umfassende transparente Beratung, M\u00f6glichkeiten einer individuellen Bestattungsvorsorge sowie eine kontinuierliche Weiterbildung der Mitarbeiter. Unternehmen, die das Markenzeichen tragen, m\u00fcssen sich alle f\u00fcnf Jahre einer erneuten Qualit\u00e4tspr\u00fcfung stellen.<\/p>\n<p><a href=\"https:\/\/www.bestatter.de\/verzeichnis\/mecklenburg-vorpommern\/bestatter-in-greifswald\/\" target=\"_blank\" rel=\"noopener\">Brosch\u00fcre zum Markenzeichen<\/a><\/p>\n                                    <\/div>\n                                                                                    <\/div>\n                                                                    <div class=\"element\">\n                                                            \n                                \n                                                                                    <\/div>\n                                                <\/div>\n        <\/div>\n    <\/div>\n<\/div>\n\n\n<div id=\"block-variable-content-list-block_7c10499ecb0d1d78edbbe9be70b12075\" class=\"block-variable-content-list alt_1\">\n    <div class=\"container\">\n        <div class=\"widget-wrap per_row_2\">\n                        <div class=\"block-content\">\n                                                                                    <div class=\"element\">\n                                                            \n                                \n                                                                    <div class=\"content-wrap\">\n                                        <h2><strong>DIN EN 15017<\/strong><\/h2>\n<p>Unser Unternehmen hat die Qualifikation &#8220;<strong>Fachunternehmen f\u00fcr Bestattungsdienstleistungen nach DIN EN 15017<\/strong>&#8221; gem\u00e4\u00df dem Zertifizierungsprogramm des Bundesverband Deutscher Bestatter E. V. erworben.<\/p>\n<p>Es wird best\u00e4tigt. dass der Fachbetrieb in einem Zertifizierungsverfahren nachgewiesen hat, konform zu den Anforderungen der DIN EN 15017 Bestattungsdienstleistungen zu arbeiten und innerhalb der Laufzeit des Zertifikats auf Konformit\u00e4t \u00fcberwacht wird.<\/p>\n                                    <\/div>\n                                                                                    <\/div>\n                                                                    <div class=\"element\">\n                                                            \n                                                                    <div class=\"image-wrap\">\n                                                                                    <img loading=\"lazy\" decoding=\"async\" width=\"550\" height=\"555\" src=\"https:\/\/shop.sereni.de\/app\/uploads\/sites\/17\/2023\/07\/ZDH-ZERT-ZERTIFIZIERT-e1689156622746.jpg\" class=\"attachment-large size-large\" alt=\"Qualit\u00e4t\" srcset=\"https:\/\/shop.sereni.de\/app\/uploads\/sites\/17\/2023\/07\/ZDH-ZERT-ZERTIFIZIERT-e1689156622746.jpg 550w, https:\/\/shop.sereni.de\/app\/uploads\/sites\/17\/2023\/07\/ZDH-ZERT-ZERTIFIZIERT-e1689156622746-297x300.jpg 297w, https:\/\/shop.sereni.de\/app\/uploads\/sites\/17\/2023\/07\/ZDH-ZERT-ZERTIFIZIERT-e1689156622746-150x150.jpg 150w\" sizes=\"auto, (max-width: 550px) 100vw, 550px\" title=\"Qualit\u00e4t\" \/>                                                                            <\/div>\n                                \n                                                                                    <\/div>\n                                                <\/div>\n        <\/div>\n    <\/div>\n<\/div>\n","protected":false},"excerpt":{"rendered":"","protected":false},"author":1,"featured_media":0,"parent":108,"menu_order":0,"comment_status":"closed","ping_status":"closed","template":"","meta":{"_acf_changed":false,"footnotes":""},"class_list":["post-116","page","type-page","status-publish","hentry"],"acf":[],"yoast_head":"<!-- This site is optimized with the Yoast SEO plugin v25.8 - https:\/\/yoast.com\/wordpress\/plugins\/seo\/ -->\n<title>Qualit\u00e4t - Mueller<\/title>\n<meta name=\"robots\" content=\"index, follow, max-snippet:-1, max-image-preview:large, max-video-preview:-1\" \/>\n<link rel=\"canonical\" href=\"https:\/\/mueller.sereni-de.baldwin.be\/de\/organisieren-sie-eine-beerdigung\/qualitaet\/\" \/>\n<meta property=\"og:locale\" content=\"de_DE\" \/>\n<meta property=\"og:type\" content=\"article\" \/>\n<meta property=\"og:title\" content=\"Qualit\u00e4t - Mueller\" \/>\n<meta property=\"og:url\" content=\"https:\/\/mueller.sereni-de.baldwin.be\/de\/organisieren-sie-eine-beerdigung\/qualitaet\/\" \/>\n<meta property=\"og:site_name\" content=\"Mueller\" \/>\n<meta property=\"article:modified_time\" content=\"2023-07-12T10:10:37+00:00\" \/>\n<meta name=\"twitter:card\" content=\"summary_large_image\" \/>\n<script type=\"application\/ld+json\" class=\"yoast-schema-graph\">{\"@context\":\"https:\/\/schema.org\",\"@graph\":[{\"@type\":\"WebPage\",\"@id\":\"https:\/\/mueller.sereni-de.baldwin.be\/de\/organisieren-sie-eine-beerdigung\/qualitaet\/\",\"url\":\"https:\/\/mueller.sereni-de.baldwin.be\/de\/organisieren-sie-eine-beerdigung\/qualitaet\/\",\"name\":\"Qualit\u00e4t - Mueller\",\"isPartOf\":{\"@id\":\"https:\/\/mueller.sereni-de.baldwin.be\/de\/#website\"},\"datePublished\":\"2022-10-11T13:19:53+00:00\",\"dateModified\":\"2023-07-12T10:10:37+00:00\",\"breadcrumb\":{\"@id\":\"https:\/\/mueller.sereni-de.baldwin.be\/de\/organisieren-sie-eine-beerdigung\/qualitaet\/#breadcrumb\"},\"inLanguage\":\"de-DE\",\"potentialAction\":[{\"@type\":\"ReadAction\",\"target\":[\"https:\/\/mueller.sereni-de.baldwin.be\/de\/organisieren-sie-eine-beerdigung\/qualitaet\/\"]}]},{\"@type\":\"BreadcrumbList\",\"@id\":\"https:\/\/mueller.sereni-de.baldwin.be\/de\/organisieren-sie-eine-beerdigung\/qualitaet\/#breadcrumb\",\"itemListElement\":[{\"@type\":\"ListItem\",\"position\":1,\"name\":\"Organisation einer Bestattung\",\"item\":\"https:\/\/lueb.sereni-de.baldwin.be\/de\/organisieren-sie-eine-beerdigung\/\"},{\"@type\":\"ListItem\",\"position\":2,\"name\":\"Qualit\u00e4t\"}]},{\"@type\":\"WebSite\",\"@id\":\"https:\/\/mueller.sereni-de.baldwin.be\/de\/#website\",\"url\":\"https:\/\/mueller.sereni-de.baldwin.be\/de\/\",\"name\":\"Mueller\",\"description\":\"Just another Sereni Sites site\",\"potentialAction\":[{\"@type\":\"SearchAction\",\"target\":{\"@type\":\"EntryPoint\",\"urlTemplate\":\"https:\/\/mueller.sereni-de.baldwin.be\/de\/?s={search_term_string}\"},\"query-input\":{\"@type\":\"PropertyValueSpecification\",\"valueRequired\":true,\"valueName\":\"search_term_string\"}}],\"inLanguage\":\"de-DE\"}]}<\/script>\n<!-- \/ Yoast SEO plugin. -->","yoast_head_json":{"title":"Qualit\u00e4t - Mueller","robots":{"index":"index","follow":"follow","max-snippet":"max-snippet:-1","max-image-preview":"max-image-preview:large","max-video-preview":"max-video-preview:-1"},"canonical":"https:\/\/mueller.sereni-de.baldwin.be\/de\/organisieren-sie-eine-beerdigung\/qualitaet\/","og_locale":"de_DE","og_type":"article","og_title":"Qualit\u00e4t - Mueller","og_url":"https:\/\/mueller.sereni-de.baldwin.be\/de\/organisieren-sie-eine-beerdigung\/qualitaet\/","og_site_name":"Mueller","article_modified_time":"2023-07-12T10:10:37+00:00","twitter_card":"summary_large_image","schema":{"@context":"https:\/\/schema.org","@graph":[{"@type":"WebPage","@id":"https:\/\/mueller.sereni-de.baldwin.be\/de\/organisieren-sie-eine-beerdigung\/qualitaet\/","url":"https:\/\/mueller.sereni-de.baldwin.be\/de\/organisieren-sie-eine-beerdigung\/qualitaet\/","name":"Qualit\u00e4t - Mueller","isPartOf":{"@id":"https:\/\/mueller.sereni-de.baldwin.be\/de\/#website"},"datePublished":"2022-10-11T13:19:53+00:00","dateModified":"2023-07-12T10:10:37+00:00","breadcrumb":{"@id":"https:\/\/mueller.sereni-de.baldwin.be\/de\/organisieren-sie-eine-beerdigung\/qualitaet\/#breadcrumb"},"inLanguage":"de-DE","potentialAction":[{"@type":"ReadAction","target":["https:\/\/mueller.sereni-de.baldwin.be\/de\/organisieren-sie-eine-beerdigung\/qualitaet\/"]}]},{"@type":"BreadcrumbList","@id":"https:\/\/mueller.sereni-de.baldwin.be\/de\/organisieren-sie-eine-beerdigung\/qualitaet\/#breadcrumb","itemListElement":[{"@type":"ListItem","position":1,"name":"Organisation einer Bestattung","item":"https:\/\/lueb.sereni-de.baldwin.be\/de\/organisieren-sie-eine-beerdigung\/"},{"@type":"ListItem","position":2,"name":"Qualit\u00e4t"}]},{"@type":"WebSite","@id":"https:\/\/mueller.sereni-de.baldwin.be\/de\/#website","url":"https:\/\/mueller.sereni-de.baldwin.be\/de\/","name":"Mueller","description":"Just another Sereni Sites site","potentialAction":[{"@type":"SearchAction","target":{"@type":"EntryPoint","urlTemplate":"https:\/\/mueller.sereni-de.baldwin.be\/de\/?s={search_term_string}"},"query-input":{"@type":"PropertyValueSpecification","valueRequired":true,"valueName":"search_term_string"}}],"inLanguage":"de-DE"}]}},"_links":{"self":[{"href":"https:\/\/mueller.sereni-de.baldwin.be\/de\/wp-json\/wp\/v2\/pages\/116","targetHints":{"allow":["GET"]}}],"collection":[{"href":"https:\/\/mueller.sereni-de.baldwin.be\/de\/wp-json\/wp\/v2\/pages"}],"about":[{"href":"https:\/\/mueller.sereni-de.baldwin.be\/de\/wp-json\/wp\/v2\/types\/page"}],"author":[{"embeddable":true,"href":"https:\/\/mueller.sereni-de.baldwin.be\/de\/wp-json\/wp\/v2\/users\/1"}],"replies":[{"embeddable":true,"href":"https:\/\/mueller.sereni-de.baldwin.be\/de\/wp-json\/wp\/v2\/comments?post=116"}],"version-history":[{"count":35,"href":"https:\/\/mueller.sereni-de.baldwin.be\/de\/wp-json\/wp\/v2\/pages\/116\/revisions"}],"predecessor-version":[{"id":2546,"href":"https:\/\/mueller.sereni-de.baldwin.be\/de\/wp-json\/wp\/v2\/pages\/116\/revisions\/2546"}],"up":[{"embeddable":true,"href":"https:\/\/mueller.sereni-de.baldwin.be\/de\/wp-json\/wp\/v2\/pages\/108"}],"wp:attachment":[{"href":"https:\/\/mueller.sereni-de.baldwin.be\/de\/wp-json\/wp\/v2\/media?parent=116"}],"curies":[{"name":"wp","href":"https:\/\/api.w.org\/{rel}","templated":true}]}}