{"id":108,"date":"2022-10-11T13:06:46","date_gmt":"2022-10-11T13:06:46","guid":{"rendered":"https:\/\/mueller.sereni-de.baldwin.be\/?page_id=108"},"modified":"2023-06-30T16:14:46","modified_gmt":"2023-06-30T16:14:46","slug":"organisieren-sie-eine-beerdigung","status":"publish","type":"page","link":"https:\/\/mueller.sereni-de.baldwin.be\/de\/organisieren-sie-eine-beerdigung\/","title":{"rendered":"Organisation einer Bestattung"},"content":{"rendered":"\n<div id=\"block-main-banner-block_63456a529a5f5\" class=\"block-main-banner\">\n    <div class=\"container\">\n        <div class=\"banner-wrap layout2 content_right content_top\">\n            <div class=\"banner-image\">\n                                                            <img loading=\"lazy\" decoding=\"async\" width=\"827\" height=\"1184\" src=\"https:\/\/shop.sereni.de\/app\/uploads\/sites\/17\/2023\/06\/Kerzen-1.jpg\" class=\"attachment-full-stretched size-full-stretched\" alt=\"Organisation einer Bestattung\" srcset=\"https:\/\/shop.sereni.de\/app\/uploads\/sites\/17\/2023\/06\/Kerzen-1.jpg 827w, https:\/\/shop.sereni.de\/app\/uploads\/sites\/17\/2023\/06\/Kerzen-1-210x300.jpg 210w, https:\/\/shop.sereni.de\/app\/uploads\/sites\/17\/2023\/06\/Kerzen-1-715x1024.jpg 715w, https:\/\/shop.sereni.de\/app\/uploads\/sites\/17\/2023\/06\/Kerzen-1-419x600.jpg 419w\" sizes=\"auto, (max-width: 827px) 100vw, 827px\" title=\"Organisation einer Bestattung\" \/>                                                <\/div>\n\n                            <div class=\"banner-content\">\n                    <div class=\"inner\">\n                        <h2>Was tun im Todesfall?<\/h2>\n<ol>\n<li><strong>Ein naher Angeh\u00f6riger stirbt. <\/strong>Benachrichtigen Sie einen Hausarzt, wenn Sie zu Hause sterben. Der Arzt stellt den Tod offiziell fest und stellt Ihnen eine Sterbeurkunde aus. Diese wird ben\u00f6tigt um eine Sterbeurkunde beim Standesamt zu erhalten.<\/li>\n<li><strong>Bestatter benachrichtigen. <\/strong>Wir stehen Ihnen telefonisch 24 Stunden mit Rat und Tat zur Verf\u00fcgung. Telefonisch oder auch vor Ort k\u00f6nnen wir individuell auf ihre Bed\u00fcrfnisse eingehen. Die Nachricht, dass Sie gerade einen geliebten Menschen verloren haben, trifft Sie hart. Nehmen Sie sich deshalb die Zeit, diese Nachricht durchsickern zu lassen und Ihrer Trauer freien Lauf zu lassen.<\/li>\n<li><strong>Formalit\u00e4ten<\/strong>. Es m\u00fcssen eine Vielzahl von Formalit\u00e4ten erledigt werden, die wir gern f\u00fcr Sie erledigen. Sie k\u00f6nnen sich aber auch in dem Umfang einbringen, wie es ihrem Wunsch entspricht.<\/li>\n<li><strong>Aufbahrung.\u00a0<\/strong>Die Abschiednahme am offenen oder geschlossenen Sarg kann bei Ihnen zu Hause, in einem unserer Abschiedsr\u00e4ume oder in einer Friedhofskapelle stattfinden. F\u00fcr unsere R\u00e4ume bekommen Sie einen eigenen Schl\u00fcssel, so dass sie jederzeit die M\u00f6glichkeit haben ihren Angeh\u00f6rigen zu besuchen. Je nach Friedhof haben Sie bestimmte Zugangszeiten oder erhalten von uns leihweise einen Schl\u00fcssel.<\/li>\n<li><strong>Termine, Trauerdruck und Benachrichtigungen.\u00a0<\/strong>In den meisten F\u00e4llen w\u00fcnschen Angeh\u00f6rige, dass die Termine zentral organisiert werden. Wir k\u00fcmmern uns auf ihren Wunsch hin, um die Terminvereinbarungen f\u00fcr die Beisetzung. Der Trauerdruck kann bei uns im Haus (auch am Wochenende) individuell erstellt werden.<\/li>\n<li><strong>Requiem &#8211; Trauerfeier &#8211; Beisetzung.\u00a0<\/strong>Jeder Mensch ist anders. Es gibt also keine allgemeing\u00fcltigen Hinweise, wie eine Trauerfeier ausgestaltet werden muss. Wir versuchen durch die Gestaltung, die Musik und das gesprochene Wort die Trauerfeier so individuell zu gestalten, dass sie das Leben und die Erinnerung an den Menschen widerspiegelt.<\/li>\n<\/ol>\n<p style=\"text-align: center\"><a class=\"btn btn-primary\" href=\"https:\/\/mueller.sereni-de.baldwin.be\/de\/kontakt\/\">Kontaktieren Sie uns<\/a><\/p>\n                    <\/div>\n                <\/div>\n                    <\/div>\n    <\/div>\n<\/div>\n\n\n<div id=\"block-variable-content-list-block_649ebbfc3c099\" class=\"block-variable-content-list alt_1\">\n    <div class=\"container\">\n        <div class=\"widget-wrap per_row_4\">\n                            <div class=\"block-heading\">\n                    <span class=\"heading\">Betreuung w\u00e4hrend und nach der Beerdigung<\/span>\n                <\/div>\n                        <div class=\"block-content\">\n                                                                                    <div class=\"element\">\n                                                            \n                                                                    <div class=\"image-wrap\">\n                                                                                    <img loading=\"lazy\" decoding=\"async\" width=\"1024\" height=\"682\" src=\"https:\/\/shop.sereni.de\/app\/uploads\/sites\/17\/2023\/06\/Buero_Lueb.jpg\" class=\"attachment-large size-large\" alt=\"Organisation einer Bestattung\" srcset=\"https:\/\/shop.sereni.de\/app\/uploads\/sites\/17\/2023\/06\/Buero_Lueb.jpg 1024w, https:\/\/shop.sereni.de\/app\/uploads\/sites\/17\/2023\/06\/Buero_Lueb-300x200.jpg 300w, https:\/\/shop.sereni.de\/app\/uploads\/sites\/17\/2023\/06\/Buero_Lueb-450x300.jpg 450w, https:\/\/shop.sereni.de\/app\/uploads\/sites\/17\/2023\/06\/Buero_Lueb-600x400.jpg 600w\" sizes=\"auto, (max-width: 1024px) 100vw, 1024px\" title=\"Organisation einer Bestattung\" \/>                                                                            <\/div>\n                                \n                                                                    <div class=\"content-wrap\">\n                                        <h3 style=\"text-align: center\"><strong>Administrative Unterst\u00fctzung<\/strong><\/h3>\n<h4 style=\"text-align: center\"><strong><span style=\"color: #000000\"><a class=\"btn btn-secondary\" style=\"color: #000000\" href=\"https:\/\/mueller.sereni-de.baldwin.be\/de\/organisieren-sie-eine-beerdigung\/administrative-unterstuetzung\/\">Mehr erfahren<\/a><\/span><\/strong><\/h4>\n                                    <\/div>\n                                                                                    <\/div>\n                                                                    <div class=\"element\">\n                                                            \n                                                                    <div class=\"image-wrap\">\n                                                                                    <img loading=\"lazy\" decoding=\"async\" width=\"1024\" height=\"680\" src=\"https:\/\/shop.sereni.de\/app\/uploads\/sites\/17\/2023\/06\/Flugzeug-1.jpg\" class=\"attachment-large size-large\" alt=\"Organisation einer Bestattung\" srcset=\"https:\/\/shop.sereni.de\/app\/uploads\/sites\/17\/2023\/06\/Flugzeug-1.jpg 1024w, https:\/\/shop.sereni.de\/app\/uploads\/sites\/17\/2023\/06\/Flugzeug-1-300x199.jpg 300w, https:\/\/shop.sereni.de\/app\/uploads\/sites\/17\/2023\/06\/Flugzeug-1-452x300.jpg 452w, https:\/\/shop.sereni.de\/app\/uploads\/sites\/17\/2023\/06\/Flugzeug-1-600x398.jpg 600w\" sizes=\"auto, (max-width: 1024px) 100vw, 1024px\" title=\"Organisation einer Bestattung\" \/>                                                                            <\/div>\n                                \n                                                                    <div class=\"content-wrap\">\n                                        <h3 style=\"text-align: center\"><strong>Versorgung &amp; <\/br>\u00dcberf\u00fchrung<\/strong><\/h3>\n<h4 style=\"text-align: center\"><strong><span style=\"color: #000000\"><a class=\"btn btn-secondary\" style=\"color: #000000\" href=\"https:\/\/mueller.sereni-de.baldwin.be\/de\/organisieren-sie-eine-beerdigung\/administrative-unterstuetzung\/\">Mehr erfahren<\/a><\/span><\/strong><\/h4>\n                                    <\/div>\n                                                                                    <\/div>\n                                                                    <div class=\"element\">\n                                                            \n                                                                    <div class=\"image-wrap\">\n                                                                                    <img loading=\"lazy\" decoding=\"async\" width=\"1024\" height=\"678\" src=\"https:\/\/shop.sereni.de\/app\/uploads\/sites\/17\/2023\/06\/Trauerhalle.jpg\" class=\"attachment-large size-large\" alt=\"Organisation einer Bestattung\" srcset=\"https:\/\/shop.sereni.de\/app\/uploads\/sites\/17\/2023\/06\/Trauerhalle.jpg 1024w, https:\/\/shop.sereni.de\/app\/uploads\/sites\/17\/2023\/06\/Trauerhalle-300x199.jpg 300w, https:\/\/shop.sereni.de\/app\/uploads\/sites\/17\/2023\/06\/Trauerhalle-453x300.jpg 453w, https:\/\/shop.sereni.de\/app\/uploads\/sites\/17\/2023\/06\/Trauerhalle-600x397.jpg 600w\" sizes=\"auto, (max-width: 1024px) 100vw, 1024px\" title=\"Organisation einer Bestattung\" \/>                                                                            <\/div>\n                                \n                                                                    <div class=\"content-wrap\">\n                                        <h3 style=\"text-align: center\"><strong>Organisation einer Trauerfeier<\/strong><\/h3>\n<h4 style=\"text-align: center\"><strong><span style=\"color: #000000\"><a class=\"btn btn-secondary\" style=\"color: #000000\" href=\"https:\/\/mueller.sereni-de.baldwin.be\/de\/organisieren-sie-eine-beerdigung\/administrative-unterstuetzung\/\">Mehr erfahren<\/a><\/span><\/strong><\/h4>\n                                    <\/div>\n                                                                                    <\/div>\n                                                                    <div class=\"element\">\n                                                            \n                                                                    <div class=\"image-wrap\">\n                                                                                    <img loading=\"lazy\" decoding=\"async\" width=\"900\" height=\"600\" src=\"https:\/\/shop.sereni.de\/app\/uploads\/sites\/17\/2023\/06\/Trauerdruck_Brief-e1687964145188.jpg\" class=\"attachment-large size-large\" alt=\"Organisation einer Bestattung\" srcset=\"https:\/\/shop.sereni.de\/app\/uploads\/sites\/17\/2023\/06\/Trauerdruck_Brief-e1687964145188.jpg 900w, https:\/\/shop.sereni.de\/app\/uploads\/sites\/17\/2023\/06\/Trauerdruck_Brief-e1687964145188-300x200.jpg 300w, https:\/\/shop.sereni.de\/app\/uploads\/sites\/17\/2023\/06\/Trauerdruck_Brief-e1687964145188-450x300.jpg 450w, https:\/\/shop.sereni.de\/app\/uploads\/sites\/17\/2023\/06\/Trauerdruck_Brief-e1687964145188-600x400.jpg 600w\" sizes=\"auto, (max-width: 900px) 100vw, 900px\" title=\"Organisation einer Bestattung\" \/>                                                                            <\/div>\n                                \n                                                                    <div class=\"content-wrap\">\n                                        <h3 style=\"text-align: center\"><strong>Trauerdruck &amp; Trauerbegleitung<\/strong><\/h3>\n<h4 style=\"text-align: center\"><strong><span style=\"color: #000000\"><a class=\"btn btn-secondary\" style=\"color: #000000\" href=\"https:\/\/mueller.sereni-de.baldwin.be\/de\/organisieren-sie-eine-beerdigung\/administrative-unterstuetzung\/\">Mehr erfahren<\/a><\/span><\/strong><\/h4>\n                                    <\/div>\n                                                                                    <\/div>\n                                                <\/div>\n        <\/div>\n    <\/div>\n<\/div>\n","protected":false},"excerpt":{"rendered":"","protected":false},"author":1,"featured_media":0,"parent":0,"menu_order":0,"comment_status":"closed","ping_status":"closed","template":"","meta":{"_acf_changed":false,"footnotes":""},"class_list":["post-108","page","type-page","status-publish","hentry"],"acf":[],"yoast_head":"<!-- This site is optimized with the Yoast SEO plugin v25.8 - https:\/\/yoast.com\/wordpress\/plugins\/seo\/ -->\n<title>Organisation einer Bestattung - Mueller<\/title>\n<meta name=\"robots\" content=\"index, follow, max-snippet:-1, max-image-preview:large, max-video-preview:-1\" \/>\n<link rel=\"canonical\" href=\"https:\/\/mueller.sereni-de.baldwin.be\/de\/organisieren-sie-eine-beerdigung\/\" \/>\n<meta property=\"og:locale\" content=\"de_DE\" \/>\n<meta property=\"og:type\" content=\"article\" \/>\n<meta property=\"og:title\" content=\"Organisation einer Bestattung - Mueller\" \/>\n<meta property=\"og:url\" content=\"https:\/\/mueller.sereni-de.baldwin.be\/de\/organisieren-sie-eine-beerdigung\/\" \/>\n<meta property=\"og:site_name\" content=\"Mueller\" \/>\n<meta property=\"article:modified_time\" content=\"2023-06-30T16:14:46+00:00\" \/>\n<meta name=\"twitter:card\" content=\"summary_large_image\" \/>\n<script type=\"application\/ld+json\" class=\"yoast-schema-graph\">{\"@context\":\"https:\/\/schema.org\",\"@graph\":[{\"@type\":\"WebPage\",\"@id\":\"https:\/\/mueller.sereni-de.baldwin.be\/de\/organisieren-sie-eine-beerdigung\/\",\"url\":\"https:\/\/mueller.sereni-de.baldwin.be\/de\/organisieren-sie-eine-beerdigung\/\",\"name\":\"Organisation einer Bestattung - Mueller\",\"isPartOf\":{\"@id\":\"https:\/\/mueller.sereni-de.baldwin.be\/de\/#website\"},\"datePublished\":\"2022-10-11T13:06:46+00:00\",\"dateModified\":\"2023-06-30T16:14:46+00:00\",\"inLanguage\":\"de-DE\",\"potentialAction\":[{\"@type\":\"ReadAction\",\"target\":[\"https:\/\/mueller.sereni-de.baldwin.be\/de\/organisieren-sie-eine-beerdigung\/\"]}]},{\"@type\":\"WebSite\",\"@id\":\"https:\/\/mueller.sereni-de.baldwin.be\/de\/#website\",\"url\":\"https:\/\/mueller.sereni-de.baldwin.be\/de\/\",\"name\":\"Mueller\",\"description\":\"Just another Sereni Sites site\",\"potentialAction\":[{\"@type\":\"SearchAction\",\"target\":{\"@type\":\"EntryPoint\",\"urlTemplate\":\"https:\/\/mueller.sereni-de.baldwin.be\/de\/?s={search_term_string}\"},\"query-input\":{\"@type\":\"PropertyValueSpecification\",\"valueRequired\":true,\"valueName\":\"search_term_string\"}}],\"inLanguage\":\"de-DE\"}]}<\/script>\n<!-- \/ Yoast SEO plugin. -->","yoast_head_json":{"title":"Organisation einer Bestattung - Mueller","robots":{"index":"index","follow":"follow","max-snippet":"max-snippet:-1","max-image-preview":"max-image-preview:large","max-video-preview":"max-video-preview:-1"},"canonical":"https:\/\/mueller.sereni-de.baldwin.be\/de\/organisieren-sie-eine-beerdigung\/","og_locale":"de_DE","og_type":"article","og_title":"Organisation einer Bestattung - Mueller","og_url":"https:\/\/mueller.sereni-de.baldwin.be\/de\/organisieren-sie-eine-beerdigung\/","og_site_name":"Mueller","article_modified_time":"2023-06-30T16:14:46+00:00","twitter_card":"summary_large_image","schema":{"@context":"https:\/\/schema.org","@graph":[{"@type":"WebPage","@id":"https:\/\/mueller.sereni-de.baldwin.be\/de\/organisieren-sie-eine-beerdigung\/","url":"https:\/\/mueller.sereni-de.baldwin.be\/de\/organisieren-sie-eine-beerdigung\/","name":"Organisation einer Bestattung - Mueller","isPartOf":{"@id":"https:\/\/mueller.sereni-de.baldwin.be\/de\/#website"},"datePublished":"2022-10-11T13:06:46+00:00","dateModified":"2023-06-30T16:14:46+00:00","inLanguage":"de-DE","potentialAction":[{"@type":"ReadAction","target":["https:\/\/mueller.sereni-de.baldwin.be\/de\/organisieren-sie-eine-beerdigung\/"]}]},{"@type":"WebSite","@id":"https:\/\/mueller.sereni-de.baldwin.be\/de\/#website","url":"https:\/\/mueller.sereni-de.baldwin.be\/de\/","name":"Mueller","description":"Just another Sereni Sites site","potentialAction":[{"@type":"SearchAction","target":{"@type":"EntryPoint","urlTemplate":"https:\/\/mueller.sereni-de.baldwin.be\/de\/?s={search_term_string}"},"query-input":{"@type":"PropertyValueSpecification","valueRequired":true,"valueName":"search_term_string"}}],"inLanguage":"de-DE"}]}},"_links":{"self":[{"href":"https:\/\/mueller.sereni-de.baldwin.be\/de\/wp-json\/wp\/v2\/pages\/108","targetHints":{"allow":["GET"]}}],"collection":[{"href":"https:\/\/mueller.sereni-de.baldwin.be\/de\/wp-json\/wp\/v2\/pages"}],"about":[{"href":"https:\/\/mueller.sereni-de.baldwin.be\/de\/wp-json\/wp\/v2\/types\/page"}],"author":[{"embeddable":true,"href":"https:\/\/mueller.sereni-de.baldwin.be\/de\/wp-json\/wp\/v2\/users\/1"}],"replies":[{"embeddable":true,"href":"https:\/\/mueller.sereni-de.baldwin.be\/de\/wp-json\/wp\/v2\/comments?post=108"}],"version-history":[{"count":55,"href":"https:\/\/mueller.sereni-de.baldwin.be\/de\/wp-json\/wp\/v2\/pages\/108\/revisions"}],"predecessor-version":[{"id":2154,"href":"https:\/\/mueller.sereni-de.baldwin.be\/de\/wp-json\/wp\/v2\/pages\/108\/revisions\/2154"}],"wp:attachment":[{"href":"https:\/\/mueller.sereni-de.baldwin.be\/de\/wp-json\/wp\/v2\/media?parent=108"}],"curies":[{"name":"wp","href":"https:\/\/api.w.org\/{rel}","templated":true}]}}