{"id":102,"date":"2022-10-11T13:04:42","date_gmt":"2022-10-11T13:04:42","guid":{"rendered":"https:\/\/mueller.sereni-de.baldwin.be\/?page_id=102"},"modified":"2023-08-01T11:07:39","modified_gmt":"2023-08-01T11:07:39","slug":"uber-uns","status":"publish","type":"page","link":"https:\/\/mueller.sereni-de.baldwin.be\/de\/uber-uns\/","title":{"rendered":"Unser Team"},"content":{"rendered":"\n<div id=\"block-main-banner-block_b750e3bf6a5c03a1c84721d0bed57565\" class=\"block-main-banner\">\n    <div class=\"container\">\n        <div class=\"banner-wrap layout2 content_left content_top\">\n            <div class=\"banner-image\">\n                                                            <img loading=\"lazy\" decoding=\"async\" width=\"1200\" height=\"800\" src=\"https:\/\/shop.sereni.de\/app\/uploads\/sites\/17\/2023\/08\/Lueb-Team.jpg\" class=\"attachment-full-stretched size-full-stretched\" alt=\"Unser Team\" srcset=\"https:\/\/shop.sereni.de\/app\/uploads\/sites\/17\/2023\/08\/Lueb-Team.jpg 1200w, https:\/\/shop.sereni.de\/app\/uploads\/sites\/17\/2023\/08\/Lueb-Team-300x200.jpg 300w, https:\/\/shop.sereni.de\/app\/uploads\/sites\/17\/2023\/08\/Lueb-Team-1024x683.jpg 1024w, https:\/\/shop.sereni.de\/app\/uploads\/sites\/17\/2023\/08\/Lueb-Team-450x300.jpg 450w, https:\/\/shop.sereni.de\/app\/uploads\/sites\/17\/2023\/08\/Lueb-Team-600x400.jpg 600w\" sizes=\"auto, (max-width: 1200px) 100vw, 1200px\" title=\"Unser Team\" \/>                                                <\/div>\n\n                            <div class=\"banner-content\">\n                    <div class=\"inner\">\n                        <h2><strong>Familienunternehmen seit 1951<\/strong><\/h2>\n<div class=\"sidelist\">\n<ul>\n<li>Anfang <strong>1951<\/strong> gr\u00fcndete Bernhard Lueb eine Bau- und M\u00f6belschreinerei mit Beerdigungsinstitut.<\/li>\n<li>Als der Firmengr\u00fcnder <strong>1969<\/strong> im Alter von 55 Jahren starb \u00fcbernahm sein Sohn Rigobert Lueb das Familienunternehmen.<\/li>\n<li>Nach der \u00dcbernahme strukturierten Rigobert Lueb und Doris Lueb das Unternehmen neu. Die Schreinerei wurde geschlossen und das Beerdigungsinstitut ausgebaut.<\/li>\n<li><strong>2007<\/strong> \u00fcbernahm Ulrich R\u00f6mer mit seiner Frau Monica R\u00f6mer das Unternehmen.<\/li>\n<li><strong>2009\u00a0<\/strong>absolvierte Ulrich R\u00f6mer erfolgreich die Pr\u00fcfung zum Fachgepr\u00fcften Bestatter ab.<\/li>\n<li><strong>2011 <\/strong>legte Ulrich R\u00f6mer als erster im Kreis Borken die Meisterpr\u00fcfung im Bestattungsgewerbe ab.<\/li>\n<li><strong>2021<\/strong> feiert die Firma ihr 70 j\u00e4hriges Bestehen.<\/li>\n<\/ul>\n<h4><strong><span style=\"color: #000000\"><a class=\"btn btn-secondary\" style=\"color: #000000\" href=\"https:\/\/mueller.sereni-de.baldwin.be\/de\/kontakt\/\">Kontaktieren Sie uns<\/a><\/span><\/strong><\/h4>\n<div>\n<div><\/div>\n<\/div>\n<\/div>\n                    <\/div>\n                <\/div>\n                    <\/div>\n    <\/div>\n<\/div>\n\n\n<div id=\"block-variable-content-list-block_738c05c8e47d1e6b655a0244838403d0\" class=\"block-variable-content-list alt_1\">\n    <div class=\"container\">\n        <div class=\"widget-wrap per_row_2\">\n                        <div class=\"block-content\">\n                                                                                    <div class=\"element\">\n                                                            \n                                \n                                                                    <div class=\"content-wrap\">\n                                        <h3>Wir nehmen uns f\u00fcr jeden Trauerfall die Zeit zum Zuh\u00f6ren, Helfen und Unterst\u00fctzen \u2013 auch nach der Beerdigung sind wir f\u00fcr Sie da!<\/h3>\n<p>Unser Team besteht aus erfahrenen Fachkr\u00e4ften, die \u00fcber umfangreiches Know-how und eine tiefe Verbundenheit mit ihrer Aufgabe verf\u00fcgen. Wir verstehen die Bedeutung einer individuellen und w\u00fcrdevollen Bestattung und setzen all unsere Kompetenz ein, um diesen besonderen Moment f\u00fcr Sie und Ihre Lieben so einf\u00fchlsam wie m\u00f6glich zu gestalten.<\/p>\n<p>F\u00fcr uns ist es selbstverst\u00e4ndlich, dass wir uns den Angeh\u00f6rigen in ihrer Trauerzeit liebevoll zuwenden. Wir sind stets f\u00fcr sie da, h\u00f6ren zu, nehmen sie in den Arm und bieten ihnen einen sicheren Hafen, um ihre Gef\u00fchle und Sorgen zu teilen.<\/p>\n                                    <\/div>\n                                                                                    <\/div>\n                                                                    <div class=\"element\">\n                                                            \n                                                                    <div class=\"image-wrap\">\n                                                                                    <img loading=\"lazy\" decoding=\"async\" width=\"1024\" height=\"675\" src=\"https:\/\/shop.sereni.de\/app\/uploads\/sites\/17\/2023\/06\/HerrLueb-FrauLueb-1024x675.jpg\" class=\"attachment-large size-large\" alt=\"Unser Team\" srcset=\"https:\/\/shop.sereni.de\/app\/uploads\/sites\/17\/2023\/06\/HerrLueb-FrauLueb-1024x675.jpg 1024w, https:\/\/shop.sereni.de\/app\/uploads\/sites\/17\/2023\/06\/HerrLueb-FrauLueb-300x198.jpg 300w, https:\/\/shop.sereni.de\/app\/uploads\/sites\/17\/2023\/06\/HerrLueb-FrauLueb-455x300.jpg 455w, https:\/\/shop.sereni.de\/app\/uploads\/sites\/17\/2023\/06\/HerrLueb-FrauLueb-1300x857.jpg 1300w, https:\/\/shop.sereni.de\/app\/uploads\/sites\/17\/2023\/06\/HerrLueb-FrauLueb-1440x949.jpg 1440w, https:\/\/shop.sereni.de\/app\/uploads\/sites\/17\/2023\/06\/HerrLueb-FrauLueb-600x395.jpg 600w, https:\/\/shop.sereni.de\/app\/uploads\/sites\/17\/2023\/06\/HerrLueb-FrauLueb.jpg 1800w\" sizes=\"auto, (max-width: 1024px) 100vw, 1024px\" title=\"Unser Team\" \/>                                                                            <\/div>\n                                \n                                                                                    <\/div>\n                                                <\/div>\n        <\/div>\n    <\/div>\n<\/div>\n\n\n<div id=\"block-variable-content-list-block_5815255ea3d359d1e7e5cdf052a643a4\" class=\"block-variable-content-list default\">\n    <div class=\"container\">\n        <div class=\"widget-wrap per_row_3\">\n                        <div class=\"block-content\">\n                                                                                    <div class=\"element\">\n                                                            \n                                                                    <div class=\"image-wrap\">\n                                                                                    <img loading=\"lazy\" decoding=\"async\" width=\"900\" height=\"900\" src=\"https:\/\/shop.sereni.de\/app\/uploads\/sites\/17\/2023\/06\/Ulrich_Roemer.png\" class=\"attachment-large size-large\" alt=\"Unser Team\" srcset=\"https:\/\/shop.sereni.de\/app\/uploads\/sites\/17\/2023\/06\/Ulrich_Roemer.png 900w, https:\/\/shop.sereni.de\/app\/uploads\/sites\/17\/2023\/06\/Ulrich_Roemer-300x300.png 300w, https:\/\/shop.sereni.de\/app\/uploads\/sites\/17\/2023\/06\/Ulrich_Roemer-150x150.png 150w, https:\/\/shop.sereni.de\/app\/uploads\/sites\/17\/2023\/06\/Ulrich_Roemer-600x600.png 600w\" sizes=\"auto, (max-width: 900px) 100vw, 900px\" title=\"Unser Team\" \/>                                                                            <\/div>\n                                \n                                                                    <div class=\"content-wrap\">\n                                        <h2 style=\"text-align: center\"><strong>Ulrich R\u00f6mer<\/strong><\/h2>\n<p style=\"text-align: center\"><strong>Gesch\u00e4ftsf\u00fchrer &amp; Bestattermeister<\/strong><\/p>\n<p style=\"text-align: center\">&#8220;Der letzte Weg in guten H\u00e4nden. Mein Ziel ist es, jedem Abschied eine pers\u00f6nliche und w\u00fcrdevolle Note zu verleihen. Mit einem erfahrenen Team arbeiten wir daran, Ihnen einen respektvollen und einf\u00fchlsamen Abschied zu erm\u00f6glichen.&#8221;<\/p>\n                                    <\/div>\n                                                                                    <\/div>\n                                                                    <div class=\"element\">\n                                                            \n                                                                    <div class=\"image-wrap\">\n                                                                                    <img loading=\"lazy\" decoding=\"async\" width=\"900\" height=\"900\" src=\"https:\/\/shop.sereni.de\/app\/uploads\/sites\/17\/2023\/06\/MonicaRoemer.png\" class=\"attachment-large size-large\" alt=\"Unser Team\" srcset=\"https:\/\/shop.sereni.de\/app\/uploads\/sites\/17\/2023\/06\/MonicaRoemer.png 900w, https:\/\/shop.sereni.de\/app\/uploads\/sites\/17\/2023\/06\/MonicaRoemer-300x300.png 300w, https:\/\/shop.sereni.de\/app\/uploads\/sites\/17\/2023\/06\/MonicaRoemer-150x150.png 150w, https:\/\/shop.sereni.de\/app\/uploads\/sites\/17\/2023\/06\/MonicaRoemer-600x600.png 600w\" sizes=\"auto, (max-width: 900px) 100vw, 900px\" title=\"Unser Team\" \/>                                                                            <\/div>\n                                \n                                                                    <div class=\"content-wrap\">\n                                        <h2 style=\"text-align: center\"><strong>Monika R\u00f6mer<\/strong><\/h2>\n<p style=\"text-align: center\"><strong>B\u00fcro, Buchhaltung &amp; Beratung<\/strong><\/p>\n<p style=\"text-align: center\">\u201cMit meiner langj\u00e4hrigen Erfahrung im Bereich B\u00fcro &amp; Beratung bei Bestattungen Lueb bin ich Ihr vertrauensvoller Ansprechpartner f\u00fcr alle administrativen Angelegenheiten und stehe Ihnen mit Respekt, Empathie und Diskretion zur Seite.\u201d<\/p>\n                                    <\/div>\n                                                                                    <\/div>\n                                                                    <div class=\"element\">\n                                                            \n                                                                    <div class=\"image-wrap\">\n                                                                                    <img loading=\"lazy\" decoding=\"async\" width=\"900\" height=\"900\" src=\"https:\/\/shop.sereni.de\/app\/uploads\/sites\/17\/2023\/06\/Kellersmann.png\" class=\"attachment-large size-large\" alt=\"Unser Team\" srcset=\"https:\/\/shop.sereni.de\/app\/uploads\/sites\/17\/2023\/06\/Kellersmann.png 900w, https:\/\/shop.sereni.de\/app\/uploads\/sites\/17\/2023\/06\/Kellersmann-300x300.png 300w, https:\/\/shop.sereni.de\/app\/uploads\/sites\/17\/2023\/06\/Kellersmann-150x150.png 150w, https:\/\/shop.sereni.de\/app\/uploads\/sites\/17\/2023\/06\/Kellersmann-600x600.png 600w\" sizes=\"auto, (max-width: 900px) 100vw, 900px\" title=\"Unser Team\" \/>                                                                            <\/div>\n                                \n                                                                    <div class=\"content-wrap\">\n                                        <p>&nbsp;<\/p>\n<h2 style=\"text-align: center\"><strong>Victor Kellersmann<\/strong><\/h2>\n<p style=\"text-align: center\"><strong>Bestattungsfachkraft &amp; Trauerredner<\/strong><\/p>\n<p style=\"text-align: center\">&#8220;Als Bestattungsfachkraft und einf\u00fchlsamer Trauerredner bin ich f\u00fcr Sie da, um Ihnen in der schweren Zeit des Abschieds Unterst\u00fctzung zu bieten. Mit Respekt, Mitgef\u00fchl und meinem Engagement f\u00fcr eine pers\u00f6nliche und w\u00fcrdevolle Abschiednahme stehe ich Ihnen zur Seite.&#8221;<\/p>\n<p>&nbsp;<\/p>\n                                    <\/div>\n                                                                                    <\/div>\n                                                <\/div>\n        <\/div>\n    <\/div>\n<\/div>\n","protected":false},"excerpt":{"rendered":"","protected":false},"author":1,"featured_media":1550,"parent":0,"menu_order":0,"comment_status":"closed","ping_status":"closed","template":"","meta":{"_acf_changed":false,"footnotes":""},"class_list":["post-102","page","type-page","status-publish","has-post-thumbnail","hentry"],"acf":[],"yoast_head":"<!-- This site is optimized with the Yoast SEO plugin v25.8 - https:\/\/yoast.com\/wordpress\/plugins\/seo\/ -->\n<title>Unser Team - Mueller<\/title>\n<meta name=\"robots\" content=\"index, follow, max-snippet:-1, max-image-preview:large, max-video-preview:-1\" \/>\n<link rel=\"canonical\" href=\"https:\/\/mueller.sereni-de.baldwin.be\/de\/uber-uns\/\" \/>\n<meta property=\"og:locale\" content=\"de_DE\" \/>\n<meta property=\"og:type\" content=\"article\" \/>\n<meta property=\"og:title\" content=\"Unser Team - Mueller\" \/>\n<meta property=\"og:url\" content=\"https:\/\/mueller.sereni-de.baldwin.be\/de\/uber-uns\/\" \/>\n<meta property=\"og:site_name\" content=\"Mueller\" \/>\n<meta property=\"article:modified_time\" content=\"2023-08-01T11:07:39+00:00\" \/>\n<meta property=\"og:image\" content=\"https:\/\/shop.sereni.de\/app\/uploads\/sites\/11\/2023\/06\/Herr_Lueb.jpg\" \/>\n\t<meta property=\"og:image:width\" content=\"1200\" \/>\n\t<meta property=\"og:image:height\" content=\"1200\" \/>\n\t<meta property=\"og:image:type\" content=\"image\/jpeg\" \/>\n<meta name=\"twitter:card\" content=\"summary_large_image\" \/>\n<script type=\"application\/ld+json\" class=\"yoast-schema-graph\">{\"@context\":\"https:\/\/schema.org\",\"@graph\":[{\"@type\":\"WebPage\",\"@id\":\"https:\/\/mueller.sereni-de.baldwin.be\/de\/uber-uns\/\",\"url\":\"https:\/\/mueller.sereni-de.baldwin.be\/de\/uber-uns\/\",\"name\":\"Unser Team - Mueller\",\"isPartOf\":{\"@id\":\"https:\/\/mueller.sereni-de.baldwin.be\/de\/#website\"},\"primaryImageOfPage\":{\"@id\":\"https:\/\/mueller.sereni-de.baldwin.be\/de\/uber-uns\/#primaryimage\"},\"image\":{\"@id\":\"https:\/\/mueller.sereni-de.baldwin.be\/de\/uber-uns\/#primaryimage\"},\"thumbnailUrl\":\"https:\/\/shop.sereni.de\/app\/uploads\/sites\/17\/2023\/06\/Herr_Lueb.jpg\",\"datePublished\":\"2022-10-11T13:04:42+00:00\",\"dateModified\":\"2023-08-01T11:07:39+00:00\",\"inLanguage\":\"de-DE\",\"potentialAction\":[{\"@type\":\"ReadAction\",\"target\":[\"https:\/\/mueller.sereni-de.baldwin.be\/de\/uber-uns\/\"]}]},{\"@type\":\"ImageObject\",\"inLanguage\":\"de-DE\",\"@id\":\"https:\/\/mueller.sereni-de.baldwin.be\/de\/uber-uns\/#primaryimage\",\"url\":\"https:\/\/shop.sereni.de\/app\/uploads\/sites\/17\/2023\/06\/Herr_Lueb.jpg\",\"contentUrl\":\"https:\/\/shop.sereni.de\/app\/uploads\/sites\/17\/2023\/06\/Herr_Lueb.jpg\",\"width\":1200,\"height\":1200},{\"@type\":\"WebSite\",\"@id\":\"https:\/\/mueller.sereni-de.baldwin.be\/de\/#website\",\"url\":\"https:\/\/mueller.sereni-de.baldwin.be\/de\/\",\"name\":\"Mueller\",\"description\":\"Just another Sereni Sites site\",\"potentialAction\":[{\"@type\":\"SearchAction\",\"target\":{\"@type\":\"EntryPoint\",\"urlTemplate\":\"https:\/\/mueller.sereni-de.baldwin.be\/de\/?s={search_term_string}\"},\"query-input\":{\"@type\":\"PropertyValueSpecification\",\"valueRequired\":true,\"valueName\":\"search_term_string\"}}],\"inLanguage\":\"de-DE\"}]}<\/script>\n<!-- \/ Yoast SEO plugin. -->","yoast_head_json":{"title":"Unser Team - Mueller","robots":{"index":"index","follow":"follow","max-snippet":"max-snippet:-1","max-image-preview":"max-image-preview:large","max-video-preview":"max-video-preview:-1"},"canonical":"https:\/\/mueller.sereni-de.baldwin.be\/de\/uber-uns\/","og_locale":"de_DE","og_type":"article","og_title":"Unser Team - Mueller","og_url":"https:\/\/mueller.sereni-de.baldwin.be\/de\/uber-uns\/","og_site_name":"Mueller","article_modified_time":"2023-08-01T11:07:39+00:00","og_image":[{"width":1200,"height":1200,"url":"https:\/\/shop.sereni.de\/app\/uploads\/sites\/11\/2023\/06\/Herr_Lueb.jpg","type":"image\/jpeg"}],"twitter_card":"summary_large_image","schema":{"@context":"https:\/\/schema.org","@graph":[{"@type":"WebPage","@id":"https:\/\/mueller.sereni-de.baldwin.be\/de\/uber-uns\/","url":"https:\/\/mueller.sereni-de.baldwin.be\/de\/uber-uns\/","name":"Unser Team - Mueller","isPartOf":{"@id":"https:\/\/mueller.sereni-de.baldwin.be\/de\/#website"},"primaryImageOfPage":{"@id":"https:\/\/mueller.sereni-de.baldwin.be\/de\/uber-uns\/#primaryimage"},"image":{"@id":"https:\/\/mueller.sereni-de.baldwin.be\/de\/uber-uns\/#primaryimage"},"thumbnailUrl":"https:\/\/shop.sereni.de\/app\/uploads\/sites\/17\/2023\/06\/Herr_Lueb.jpg","datePublished":"2022-10-11T13:04:42+00:00","dateModified":"2023-08-01T11:07:39+00:00","inLanguage":"de-DE","potentialAction":[{"@type":"ReadAction","target":["https:\/\/mueller.sereni-de.baldwin.be\/de\/uber-uns\/"]}]},{"@type":"ImageObject","inLanguage":"de-DE","@id":"https:\/\/mueller.sereni-de.baldwin.be\/de\/uber-uns\/#primaryimage","url":"https:\/\/shop.sereni.de\/app\/uploads\/sites\/17\/2023\/06\/Herr_Lueb.jpg","contentUrl":"https:\/\/shop.sereni.de\/app\/uploads\/sites\/17\/2023\/06\/Herr_Lueb.jpg","width":1200,"height":1200},{"@type":"WebSite","@id":"https:\/\/mueller.sereni-de.baldwin.be\/de\/#website","url":"https:\/\/mueller.sereni-de.baldwin.be\/de\/","name":"Mueller","description":"Just another Sereni Sites site","potentialAction":[{"@type":"SearchAction","target":{"@type":"EntryPoint","urlTemplate":"https:\/\/mueller.sereni-de.baldwin.be\/de\/?s={search_term_string}"},"query-input":{"@type":"PropertyValueSpecification","valueRequired":true,"valueName":"search_term_string"}}],"inLanguage":"de-DE"}]}},"_links":{"self":[{"href":"https:\/\/mueller.sereni-de.baldwin.be\/de\/wp-json\/wp\/v2\/pages\/102","targetHints":{"allow":["GET"]}}],"collection":[{"href":"https:\/\/mueller.sereni-de.baldwin.be\/de\/wp-json\/wp\/v2\/pages"}],"about":[{"href":"https:\/\/mueller.sereni-de.baldwin.be\/de\/wp-json\/wp\/v2\/types\/page"}],"author":[{"embeddable":true,"href":"https:\/\/mueller.sereni-de.baldwin.be\/de\/wp-json\/wp\/v2\/users\/1"}],"replies":[{"embeddable":true,"href":"https:\/\/mueller.sereni-de.baldwin.be\/de\/wp-json\/wp\/v2\/comments?post=102"}],"version-history":[{"count":202,"href":"https:\/\/mueller.sereni-de.baldwin.be\/de\/wp-json\/wp\/v2\/pages\/102\/revisions"}],"predecessor-version":[{"id":2557,"href":"https:\/\/mueller.sereni-de.baldwin.be\/de\/wp-json\/wp\/v2\/pages\/102\/revisions\/2557"}],"wp:featuredmedia":[{"embeddable":true,"href":"https:\/\/mueller.sereni-de.baldwin.be\/de\/wp-json\/wp\/v2\/media\/1550"}],"wp:attachment":[{"href":"https:\/\/mueller.sereni-de.baldwin.be\/de\/wp-json\/wp\/v2\/media?parent=102"}],"curies":[{"name":"wp","href":"https:\/\/api.w.org\/{rel}","templated":true}]}}